{"id":7446,"date":"2022-05-13T23:31:51","date_gmt":"2022-05-13T15:31:51","guid":{"rendered":"https:\/\/www.stableawning.com\/heim\/"},"modified":"2026-04-21T15:51:54","modified_gmt":"2026-04-21T07:51:54","slug":"heim","status":"publish","type":"page","link":"https:\/\/www.stableawning.com\/de\/","title":{"rendered":"Heim"},"content":{"rendered":"<p>[vc_row][vc_column]<div class=\"dt-fancy-separator title-left h4-size style-dashed\" style=\"width: 100%;\"><div class=\"dt-fancy-title\" style=\"color: #0884cf;\"><span class=\"separator-holder separator-left\" style=\"border-color: #0884cf;\"><\/span>\u00dcber Stable Awning:<span class=\"separator-holder separator-right\" style=\"border-color: #0884cf;\"><\/span><\/div><\/div>[vc_empty_space][vc_column_text]<img loading=\"lazy\" decoding=\"async\" class=\"alignnone size-full wp-image-3660\" src=\"https:\/\/www.stableawning.com\/wp-content\/uploads\/2024\/06\/Stable-Awning-Factory.jpg\" alt=\"Stallmarkisenfabrik\" width=\"1200\" height=\"628\" srcset=\"https:\/\/www.stableawning.com\/wp-content\/uploads\/2024\/06\/Stable-Awning-Factory.jpg 1200w, https:\/\/www.stableawning.com\/wp-content\/uploads\/2024\/06\/Stable-Awning-Factory-1080x565.jpg 1080w, https:\/\/www.stableawning.com\/wp-content\/uploads\/2024\/06\/Stable-Awning-Factory-768x402.jpg 768w\" sizes=\"auto, (max-width: 1200px) 100vw, 1200px\" \/>[\/vc_column_text][vc_column_text]<\/p>\n<h1 style=\"font-size: 22px; font-weight: normal; margin: 16px 0 8px; line-height: 1.3;\">Chongqing Stable Awning Manufacturing Co., Ltd.<\/h1>\n<p style=\"margin: 0 0 12px; line-height: 1.4;\">Chongqing Stable Awning Manufacturing Co., Ltd. ist ein professioneller Hersteller von Regen- und Sonnenschutzprodukten, der eigenst\u00e4ndige Forschung und Entwicklung, Massenproduktion, weltweiten Vertrieb sowie umfassenden Kundendienst vereint.<\/p>\n<h2 style=\"font-size: 20px; font-weight: normal; margin: 14px 0 8px; line-height: 1.3;\">Umfangreiche Fertigungserfahrung &amp; globale Partnerschaften<\/h2>\n<p style=\"margin: 0 0 12px; line-height: 1.4;\">Mit \u00fcber 10 Jahren Erfahrung in der professionellen Markisenproduktion hat unsere Fabrik stabile, langfristige Kooperationsbeziehungen zu Hunderten von Unternehmen im Ausland weltweit aufgebaut.<\/p>\n<p style=\"margin: 0 0 12px; line-height: 1.4;\">Wir widmen uns der Herstellung erstklassiger Beschattungsl\u00f6sungen f\u00fcr den Au\u00dfenbereich und bieten sowohl hochwertige Produkte als auch umfassende Montagedienstleistungen f\u00fcr gewerbliche Partner weltweit sowie f\u00fcr Privatanwender an.<\/p>\n<h2 style=\"font-size: 20px; font-weight: normal; margin: 14px 0 8px; line-height: 1.3;\">Unabh\u00e4ngige Marke &amp; vollst\u00e4ndige Produktlinie<\/h2>\n<p style=\"margin: 0 0 12px; line-height: 1.4;\">Wir sind Inhaber unserer exklusiven, eingetragenen Marke <strong>Stable Awning<\/strong>. Unser Kernsortiment umfasst T\u00fcr- und Fenstermarkisen, Terrassenmarkisen, Carports sowie Unterst\u00e4nde f\u00fcr M\u00e4hroboter. <\/p>\n<p style=\"margin: 0 0 12px; line-height: 1.4;\">Wir unterst\u00fctzen vielf\u00e4ltige Gesch\u00e4ftsmodelle, darunter ma\u00dfgeschneiderte Ingenieurprojekte, Gro\u00dfhandel, Dropshipping von Einzelst\u00fccken sowie den eigenst\u00e4ndigen Export aller Markisenserien. Unsere Produkte wurden bereits in mehr als 100 L\u00e4nder und Regionen weltweit exportiert. <\/p>\n<h2 style=\"font-size: 20px; font-weight: normal; margin: 14px 0 8px; line-height: 1.3;\">Produktvorteile und Einladung zur globalen Zusammenarbeit<\/h2>\n<p style=\"margin: 0 0 12px; line-height: 1.4;\">Unsere Markisen zeichnen sich durch ein ansprechendes Erscheinungsbild, erstklassige Materialqualit\u00e4t und eine einfache Selbstmontage aus \u2013 und sind somit die ideale Wahl f\u00fcr Hausbesitzer, die Wert auf ein hochwertiges Outdoor-Erlebnis legen.<\/p>\n<p style=\"margin: 0 0 12px; line-height: 1.4;\">Stable Awning l\u00e4dt Partner aus aller Welt herzlich zur Zusammenarbeit ein. Gemeinsam gestalten wir gem\u00fctliche und sichere Au\u00dfenbereiche, bieten Schutz vor Wind und Regen und schaffen eine langfristige, f\u00fcr beide Seiten gewinnbringende Gesch\u00e4ftsentwicklung. <\/p>\n<p>[\/vc_column_text]<style type=\"text\/css\">#dt-btn-1 {color: #ffffff;background: #0884cf;}#dt-btn-1 > .text-wrap * {color: #ffffff;}#dt-btn-1:hover {color: #ffffff;background: #dd9933;}#dt-btn-1:hover > .text-wrap * {color: #ffffff;}<\/style><a href=\"\/about\" class=\"btn-shortcode dt-btn-m dt-btn custom-btn-color custom-btn-hover-color\" target=\"_blank\" id=\"dt-btn-1\" rel=\"noopener\"><span>Mehr erfahren<\/span><\/a>[\/vc_column][\/vc_row][vc_row][vc_column]<div class=\"dt-fancy-separator title-left h4-size style-dashed\" style=\"width: 100%;\"><div class=\"dt-fancy-title\" style=\"color: #0884cf;\"><span class=\"separator-holder separator-left\" style=\"border-color: #0884cf;\"><\/span>Vorteile von Stable Awning:<span class=\"separator-holder separator-right\" style=\"border-color: #0884cf;\"><\/span><\/div><\/div>[vc_empty_space][vc_row_inner][vc_column_inner width=&#8220;1\/4&#8243;][vc_column_text]<img loading=\"lazy\" decoding=\"async\" class=\"size-full wp-image-1232 aligncenter\" src=\"\/wp-content\/uploads\/2022\/06\/Factory-Direct-Supply1.png\" alt=\"Direkt vom Hersteller\" width=\"100\" height=\"100\">[\/vc_column_text][vc_column_text]<\/p>\n<p style=\"text-align: center;\">Direkt vom Hersteller. Wir k\u00f6nnen Qualit\u00e4t und Lieferung optimal kontrollieren.<\/p>\n<p>[\/vc_column_text][\/vc_column_inner][vc_column_inner width=&#8220;1\/4&#8243;][vc_column_text]<img loading=\"lazy\" decoding=\"async\" class=\"size-full wp-image-1231 aligncenter\" src=\"\/wp-content\/uploads\/2022\/06\/High-Quality-Fresh-Material.png\" alt=\"Hochwertiges und frisches Material\" width=\"100\" height=\"100\">[\/vc_column_text][vc_column_text]<\/p>\n<p style=\"text-align: center;\">Hochwertige und technologisch fortschrittliche Rohstoffe<br \/>\nWir garantieren 100 % neue Rohstoffe und 100 % hochwertige Produkte.<\/p>\n<p>[\/vc_column_text][\/vc_column_inner][vc_column_inner width=&#8220;1\/4&#8243;][vc_column_text]<img loading=\"lazy\" decoding=\"async\" class=\"size-full wp-image-1230 aligncenter\" src=\"\/wp-content\/uploads\/2022\/06\/Beautiful-Apperance-Design-Easy-to-Install.png\" alt=\"Sch\u00f6nes Aussehen &amp; Design, einfache Installation\" width=\"100\" height=\"100\">[\/vc_column_text][vc_column_text]<\/p>\n<p style=\"text-align: center;\"><strong>Sch\u00f6nes Aussehen &amp; Design, einfache Installation.<\/strong><\/p>\n<p>[\/vc_column_text][\/vc_column_inner][vc_column_inner width=&#8220;1\/4&#8243;][vc_column_text]<img loading=\"lazy\" decoding=\"async\" class=\"size-full wp-image-1229 aligncenter\" src=\"\/wp-content\/uploads\/2022\/06\/With-R-D-Capabilities.png\" alt=\"Mit Forschungs- und Entwicklungskapazit\u00e4ten\" width=\"100\" height=\"100\">[\/vc_column_text][vc_column_text]<\/p>\n<p style=\"text-align: center;\">Mit Forschungs- und Entwicklungskapazit\u00e4t<br \/>\nJedes Jahr werden neue Produkte auf den Markt gebracht, und wir begr\u00fc\u00dfen auch kundenspezifische Designs gem\u00e4\u00df den Anforderungen unserer Kunden.<\/p>\n<p>[\/vc_column_text][\/vc_column_inner][\/vc_row_inner][\/vc_column][\/vc_row][vc_row][vc_column]<div class=\"dt-fancy-separator title-left h4-size style-dashed\" style=\"width: 100%;\"><div class=\"dt-fancy-title\" style=\"color: #0884cf;\"><span class=\"separator-holder separator-left\" style=\"border-color: #0884cf;\"><\/span>Produkte von Stable Awning:<span class=\"separator-holder separator-right\" style=\"border-color: #0884cf;\"><\/span><\/div><\/div>[vc_empty_space][vc_row_inner][vc_column_inner width=&#8220;1\/5&#8243;][vc_column_text]<\/p>\n<p style=\"text-align: center;\"><a href=\"https:\/\/www.stableawning.com\/de\/fenster-und-tuervordach\/\"><img loading=\"lazy\" decoding=\"async\" class=\"alignnone size-full wp-image-3664\" src=\"https:\/\/www.stableawning.com\/wp-content\/uploads\/2024\/06\/Stable-Awning-Polycarbonate-Window-Door-Awning-1.jpg\" alt=\"Stabile Markise Polycarbonat Fenstert\u00fcr Markise\" width=\"700\" height=\"600\"><\/a>Fenster- und T\u00fcrvordach<\/p>\n<p>[\/vc_column_text][\/vc_column_inner][vc_column_inner width=&#8220;1\/5&#8243;][vc_column_text]<\/p>\n<p style=\"text-align: center;\"><a href=\"https:\/\/www.stableawning.com\/de\/balkon-und-terrassenmarkise\/\"><img loading=\"lazy\" decoding=\"async\" class=\"alignnone size-full wp-image-3662\" src=\"https:\/\/www.stableawning.com\/wp-content\/uploads\/2024\/06\/stable-awning-patio-awning.jpg\" alt=\"Stallmarkise Terrassenmarkise\" width=\"700\" height=\"600\"><\/a>Balkon- und Terrassenmarkise<\/p>\n<p>[\/vc_column_text][\/vc_column_inner][vc_column_inner width=&#8220;1\/5&#8243;][vc_column_text]<\/p>\n<p style=\"text-align: center;\"><a href=\"https:\/\/www.stableawning.com\/carport\/1\"><img loading=\"lazy\" decoding=\"async\" class=\"alignnone size-full wp-image-3659\" src=\"https:\/\/www.stableawning.com\/wp-content\/uploads\/2024\/06\/stable-awning-double-cars-carport-awning.jpg\" alt=\"Stabiles Vordach f\u00fcr Doppelgaragen, Carport-Vordach\" width=\"700\" height=\"600\"><\/a>Carport<\/p>\n<p>[\/vc_column_text][\/vc_column_inner][vc_column_inner width=&#8220;1\/5&#8243;][vc_column_text]<\/p>\n<p style=\"text-align: center;\"><a href=\"https:\/\/www.stableawning.com\/de\/roboter-rasenmaeher-garage\/\"><img loading=\"lazy\" decoding=\"async\" class=\"alignnone size-full wp-image-3661\" src=\"https:\/\/www.stableawning.com\/wp-content\/uploads\/2024\/06\/stable-awning-iron-lawn-mower-awning-with-hollow-sheet.jpg\" alt=\"Stabile Markise aus Eisen, Rasenm\u00e4her-Markise mit Hohlblech\" width=\"700\" height=\"600\"><\/a>Garage f\u00fcr M\u00e4hroboter<\/p>\n<p>[\/vc_column_text][\/vc_column_inner][vc_column_inner width=&#8220;1\/5&#8243;][vc_column_text]<\/p>\n<p style=\"text-align: center;\"><a href=\"https:\/\/www.stableawning.com\/de\/einziehbare-markise\/\"><img loading=\"lazy\" decoding=\"async\" class=\"alignnone size-full wp-image-13875\" src=\"https:\/\/www.stableawning.com\/wp-content\/uploads\/2026\/04\/11.jpg\" alt=\"\" width=\"700\" height=\"600\"><\/a>Gro\u00dfe Dachrinnenmarkise<\/p>\n<p>[\/vc_column_text][\/vc_column_inner][\/vc_row_inner][\/vc_column][\/vc_row][vc_row][vc_column]<div class=\"dt-fancy-separator title-left h4-size style-dashed\" style=\"width: 100%;\"><div class=\"dt-fancy-title\" style=\"color: #0884cf;\"><span class=\"separator-holder separator-left\" style=\"border-color: #0884cf;\"><\/span>Service von Stable Awning:<span class=\"separator-holder separator-right\" style=\"border-color: #0884cf;\"><\/span><\/div><\/div>[vc_empty_space][vc_row_inner][vc_column_inner width=&#8220;1\/5&#8243;][vc_column_text]<\/p>\n<p style=\"text-align: center;\"><img loading=\"lazy\" decoding=\"async\" class=\"size-full wp-image-1247 aligncenter\" src=\"\/wp-content\/uploads\/2022\/06\/OEM-ODM-Service.png\" alt=\"OEM- und ODM-Service\" width=\"100\" height=\"100\">Wir akzeptieren OEM- und ODM-Services.<\/p>\n<p>[\/vc_column_text][\/vc_column_inner][vc_column_inner width=&#8220;1\/5&#8243;][vc_column_text]<\/p>\n<p style=\"text-align: center;\"><img loading=\"lazy\" decoding=\"async\" class=\"size-full wp-image-448 aligncenter\" src=\"\/wp-content\/uploads\/2022\/05\/Fast-delivery.png\" alt=\"schnelle Lieferung\" width=\"100\" height=\"100\">Schnelle Lieferung per Express, per Luftfracht, per Seefracht.<\/p>\n<p>[\/vc_column_text][\/vc_column_inner][vc_column_inner width=&#8220;1\/5&#8243;][vc_column_text]<\/p>\n<p style=\"text-align: center;\"><img loading=\"lazy\" decoding=\"async\" class=\"size-full wp-image-449 aligncenter\" src=\"\/wp-content\/uploads\/2022\/05\/Long-lifetime-warranty.png\" alt=\"Langlebige Garantie\" width=\"100\" height=\"100\">Wir bieten detaillierte Installationsanweisungen und technischen Support.<\/p>\n<p>[\/vc_column_text][\/vc_column_inner][vc_column_inner width=&#8220;1\/5&#8243;][vc_column_text]<\/p>\n<p style=\"text-align: center;\"><img loading=\"lazy\" decoding=\"async\" class=\"size-full wp-image-446 aligncenter\" src=\"\/wp-content\/uploads\/2022\/05\/Easy-to-install.png\" alt=\"Einfache Installation\" width=\"100\" height=\"100\">5 Jahre Garantie<\/p>\n<p>[\/vc_column_text][\/vc_column_inner][vc_column_inner width=&#8220;1\/5&#8243;][vc_column_text]<\/p>\n<p style=\"text-align: center;\"><img loading=\"lazy\" decoding=\"async\" class=\"size-full wp-image-450 aligncenter\" src=\"\/wp-content\/uploads\/2022\/05\/Reliable-after-sales-service.png\" alt=\"Zuverl\u00e4ssiger Kundendienst\" width=\"100\" height=\"100\">Wir bieten eine detaillierte Installationsanleitung und langfristigen technischen Support.<\/p>\n<p>[\/vc_column_text][\/vc_column_inner][\/vc_row_inner][\/vc_column][\/vc_row]<\/p>\n","protected":false},"excerpt":{"rendered":"<p>[vc_row][vc_column][vc_empty_space][vc_column_text][\/vc_column_text][vc_column_text] Chongqing Stable Awning Manufacturing Co., Ltd. Chongqing Stable Awning Manufacturing Co., Ltd. ist ein professioneller Hersteller von Regen- und Sonnenschutzprodukten, der eigenst\u00e4ndige Forschung und Entwicklung, Massenproduktion, weltweiten Vertrieb sowie umfassenden Kundendienst vereint. Umfangreiche Fertigungserfahrung &amp; globale Partnerschaften Mit \u00fcber 10 Jahren Erfahrung in der professionellen Markisenproduktion hat unsere Fabrik stabile, langfristige Kooperationsbeziehungen zu Hunderten&hellip;<\/p>\n","protected":false},"author":2,"featured_media":0,"parent":0,"menu_order":0,"comment_status":"closed","ping_status":"closed","template":"","meta":[],"class_list":["post-7446","page","type-page","status-publish","hentry","description-off"],"yoast_head":"<!-- This site is optimized with the Yoast SEO plugin v26.6 - https:\/\/yoast.com\/wordpress\/plugins\/seo\/ -->\n<title>Rasenm\u00e4her Schutzdach | UV-Schutz &amp; Wasserdicht<\/title>\n<meta name=\"description\" content=\"Stabile und langlebige Schutzd\u00e4cher f\u00fcr Rasenm\u00e4her aus hochwertigen Materialien. Robuste Konstruktion, witterungsbest\u00e4ndig und einfach zu montieren. Individuelle Gr\u00f6\u00dfen, Lieferung in ganz Europa.\" \/>\n<meta name=\"robots\" content=\"index, follow, max-snippet:-1, max-image-preview:large, max-video-preview:-1\" \/>\n<link rel=\"canonical\" href=\"https:\/\/www.stableawning.com\/de\/heim\/\" \/>\n<meta property=\"og:locale\" content=\"de_DE\" \/>\n<meta property=\"og:type\" content=\"article\" \/>\n<meta property=\"og:title\" content=\"Rasenm\u00e4her Schutzdach | UV-Schutz &amp; Wasserdicht\" \/>\n<meta property=\"og:description\" content=\"Stabile und langlebige Schutzd\u00e4cher f\u00fcr Rasenm\u00e4her aus hochwertigen Materialien. Robuste Konstruktion, witterungsbest\u00e4ndig und einfach zu montieren. Individuelle Gr\u00f6\u00dfen, Lieferung in ganz Europa.\" \/>\n<meta property=\"og:url\" content=\"https:\/\/www.stableawning.com\/de\/heim\/\" \/>\n<meta property=\"og:site_name\" content=\"Chongqing stabile Markise Herstellung Co., Ltd.\" \/>\n<meta property=\"article:publisher\" content=\"https:\/\/www.facebook.com\/profile.php?id=100090283616109\" \/>\n<meta property=\"article:modified_time\" content=\"2026-04-21T07:51:54+00:00\" \/>\n<meta property=\"og:image\" content=\"https:\/\/www.stableawning.com\/wp-content\/uploads\/2024\/06\/Stable-Awning-Factory.jpg\" \/>\n\t<meta property=\"og:image:width\" content=\"1200\" \/>\n\t<meta property=\"og:image:height\" content=\"628\" \/>\n\t<meta property=\"og:image:type\" content=\"image\/jpeg\" \/>\n<meta name=\"twitter:card\" content=\"summary_large_image\" \/>\n<meta name=\"twitter:label1\" content=\"Gesch\u00e4tzte Lesezeit\" \/>\n\t<meta name=\"twitter:data1\" content=\"4\u00a0Minuten\" \/>\n<script type=\"application\/ld+json\" class=\"yoast-schema-graph\">{\"@context\":\"https:\/\/schema.org\",\"@graph\":[{\"@type\":\"WebPage\",\"@id\":\"https:\/\/www.stableawning.com\/de\/heim\/\",\"url\":\"https:\/\/www.stableawning.com\/de\/heim\/\",\"name\":\"Rasenm\u00e4her Schutzdach | UV-Schutz & Wasserdicht\",\"isPartOf\":{\"@id\":\"https:\/\/www.stableawning.com\/#website\"},\"primaryImageOfPage\":{\"@id\":\"https:\/\/www.stableawning.com\/de\/heim\/#primaryimage\"},\"image\":{\"@id\":\"https:\/\/www.stableawning.com\/de\/heim\/#primaryimage\"},\"thumbnailUrl\":\"https:\/\/www.stableawning.com\/wp-content\/uploads\/2024\/06\/Stable-Awning-Factory.jpg\",\"datePublished\":\"2022-05-13T15:31:51+00:00\",\"dateModified\":\"2026-04-21T07:51:54+00:00\",\"description\":\"Stabile und langlebige Schutzd\u00e4cher f\u00fcr Rasenm\u00e4her aus hochwertigen Materialien. Robuste Konstruktion, witterungsbest\u00e4ndig und einfach zu montieren. Individuelle Gr\u00f6\u00dfen, Lieferung in ganz Europa.\",\"breadcrumb\":{\"@id\":\"https:\/\/www.stableawning.com\/de\/heim\/#breadcrumb\"},\"inLanguage\":\"de\",\"potentialAction\":[{\"@type\":\"ReadAction\",\"target\":[\"https:\/\/www.stableawning.com\/de\/heim\/\"]}]},{\"@type\":\"ImageObject\",\"inLanguage\":\"de\",\"@id\":\"https:\/\/www.stableawning.com\/de\/heim\/#primaryimage\",\"url\":\"https:\/\/www.stableawning.com\/wp-content\/uploads\/2024\/06\/Stable-Awning-Factory.jpg\",\"contentUrl\":\"https:\/\/www.stableawning.com\/wp-content\/uploads\/2024\/06\/Stable-Awning-Factory.jpg\"},{\"@type\":\"BreadcrumbList\",\"@id\":\"https:\/\/www.stableawning.com\/de\/heim\/#breadcrumb\",\"itemListElement\":[{\"@type\":\"ListItem\",\"position\":1,\"name\":\"Home\",\"item\":\"https:\/\/www.stableawning.com\/de\/heim\/\"},{\"@type\":\"ListItem\",\"position\":2,\"name\":\"Heim\"}]},{\"@type\":\"WebSite\",\"@id\":\"https:\/\/www.stableawning.com\/#website\",\"url\":\"https:\/\/www.stableawning.com\/\",\"name\":\"Chongqing Stable Awning Manufacturing Co., Ltd.\",\"description\":\"\",\"publisher\":{\"@id\":\"https:\/\/www.stableawning.com\/#organization\"},\"potentialAction\":[{\"@type\":\"SearchAction\",\"target\":{\"@type\":\"EntryPoint\",\"urlTemplate\":\"https:\/\/www.stableawning.com\/?s={search_term_string}\"},\"query-input\":{\"@type\":\"PropertyValueSpecification\",\"valueRequired\":true,\"valueName\":\"search_term_string\"}}],\"inLanguage\":\"de\"},{\"@type\":\"Organization\",\"@id\":\"https:\/\/www.stableawning.com\/#organization\",\"name\":\"Chongqing stabile Markise Herstellung Co., Ltd.\",\"url\":\"https:\/\/www.stableawning.com\/\",\"logo\":{\"@type\":\"ImageObject\",\"inLanguage\":\"de\",\"@id\":\"https:\/\/www.stableawning.com\/#\/schema\/logo\/image\/\",\"url\":\"https:\/\/www.stableawning.com\/wp-content\/uploads\/2023\/03\/stable-awning-logo7.png\",\"contentUrl\":\"https:\/\/www.stableawning.com\/wp-content\/uploads\/2023\/03\/stable-awning-logo7.png\",\"width\":173,\"height\":82,\"caption\":\"Chongqing stabile Markise Herstellung Co., Ltd.\"},\"image\":{\"@id\":\"https:\/\/www.stableawning.com\/#\/schema\/logo\/image\/\"},\"sameAs\":[\"https:\/\/www.facebook.com\/profile.php?id=100090283616109\"]}]}<\/script>\n<!-- \/ Yoast SEO plugin. -->","yoast_head_json":{"title":"Rasenm\u00e4her Schutzdach | UV-Schutz & Wasserdicht","description":"Stabile und langlebige Schutzd\u00e4cher f\u00fcr Rasenm\u00e4her aus hochwertigen Materialien. Robuste Konstruktion, witterungsbest\u00e4ndig und einfach zu montieren. Individuelle Gr\u00f6\u00dfen, Lieferung in ganz Europa.","robots":{"index":"index","follow":"follow","max-snippet":"max-snippet:-1","max-image-preview":"max-image-preview:large","max-video-preview":"max-video-preview:-1"},"canonical":"https:\/\/www.stableawning.com\/de\/heim\/","og_locale":"de_DE","og_type":"article","og_title":"Rasenm\u00e4her Schutzdach | UV-Schutz & Wasserdicht","og_description":"Stabile und langlebige Schutzd\u00e4cher f\u00fcr Rasenm\u00e4her aus hochwertigen Materialien. Robuste Konstruktion, witterungsbest\u00e4ndig und einfach zu montieren. Individuelle Gr\u00f6\u00dfen, Lieferung in ganz Europa.","og_url":"https:\/\/www.stableawning.com\/de\/heim\/","og_site_name":"Chongqing stabile Markise Herstellung Co., Ltd.","article_publisher":"https:\/\/www.facebook.com\/profile.php?id=100090283616109","article_modified_time":"2026-04-21T07:51:54+00:00","og_image":[{"width":1200,"height":628,"url":"https:\/\/www.stableawning.com\/wp-content\/uploads\/2024\/06\/Stable-Awning-Factory.jpg","type":"image\/jpeg"}],"twitter_card":"summary_large_image","twitter_misc":{"Gesch\u00e4tzte Lesezeit":"4\u00a0Minuten"},"schema":{"@context":"https:\/\/schema.org","@graph":[{"@type":"WebPage","@id":"https:\/\/www.stableawning.com\/de\/heim\/","url":"https:\/\/www.stableawning.com\/de\/heim\/","name":"Rasenm\u00e4her Schutzdach | UV-Schutz & Wasserdicht","isPartOf":{"@id":"https:\/\/www.stableawning.com\/#website"},"primaryImageOfPage":{"@id":"https:\/\/www.stableawning.com\/de\/heim\/#primaryimage"},"image":{"@id":"https:\/\/www.stableawning.com\/de\/heim\/#primaryimage"},"thumbnailUrl":"https:\/\/www.stableawning.com\/wp-content\/uploads\/2024\/06\/Stable-Awning-Factory.jpg","datePublished":"2022-05-13T15:31:51+00:00","dateModified":"2026-04-21T07:51:54+00:00","description":"Stabile und langlebige Schutzd\u00e4cher f\u00fcr Rasenm\u00e4her aus hochwertigen Materialien. Robuste Konstruktion, witterungsbest\u00e4ndig und einfach zu montieren. Individuelle Gr\u00f6\u00dfen, Lieferung in ganz Europa.","breadcrumb":{"@id":"https:\/\/www.stableawning.com\/de\/heim\/#breadcrumb"},"inLanguage":"de","potentialAction":[{"@type":"ReadAction","target":["https:\/\/www.stableawning.com\/de\/heim\/"]}]},{"@type":"ImageObject","inLanguage":"de","@id":"https:\/\/www.stableawning.com\/de\/heim\/#primaryimage","url":"https:\/\/www.stableawning.com\/wp-content\/uploads\/2024\/06\/Stable-Awning-Factory.jpg","contentUrl":"https:\/\/www.stableawning.com\/wp-content\/uploads\/2024\/06\/Stable-Awning-Factory.jpg"},{"@type":"BreadcrumbList","@id":"https:\/\/www.stableawning.com\/de\/heim\/#breadcrumb","itemListElement":[{"@type":"ListItem","position":1,"name":"Home","item":"https:\/\/www.stableawning.com\/de\/heim\/"},{"@type":"ListItem","position":2,"name":"Heim"}]},{"@type":"WebSite","@id":"https:\/\/www.stableawning.com\/#website","url":"https:\/\/www.stableawning.com\/","name":"Chongqing Stable Awning Manufacturing Co., Ltd.","description":"","publisher":{"@id":"https:\/\/www.stableawning.com\/#organization"},"potentialAction":[{"@type":"SearchAction","target":{"@type":"EntryPoint","urlTemplate":"https:\/\/www.stableawning.com\/?s={search_term_string}"},"query-input":{"@type":"PropertyValueSpecification","valueRequired":true,"valueName":"search_term_string"}}],"inLanguage":"de"},{"@type":"Organization","@id":"https:\/\/www.stableawning.com\/#organization","name":"Chongqing stabile Markise Herstellung Co., Ltd.","url":"https:\/\/www.stableawning.com\/","logo":{"@type":"ImageObject","inLanguage":"de","@id":"https:\/\/www.stableawning.com\/#\/schema\/logo\/image\/","url":"https:\/\/www.stableawning.com\/wp-content\/uploads\/2023\/03\/stable-awning-logo7.png","contentUrl":"https:\/\/www.stableawning.com\/wp-content\/uploads\/2023\/03\/stable-awning-logo7.png","width":173,"height":82,"caption":"Chongqing stabile Markise Herstellung Co., Ltd."},"image":{"@id":"https:\/\/www.stableawning.com\/#\/schema\/logo\/image\/"},"sameAs":["https:\/\/www.facebook.com\/profile.php?id=100090283616109"]}]}},"_links":{"self":[{"href":"https:\/\/www.stableawning.com\/de\/wp-json\/wp\/v2\/pages\/7446","targetHints":{"allow":["GET"]}}],"collection":[{"href":"https:\/\/www.stableawning.com\/de\/wp-json\/wp\/v2\/pages"}],"about":[{"href":"https:\/\/www.stableawning.com\/de\/wp-json\/wp\/v2\/types\/page"}],"author":[{"embeddable":true,"href":"https:\/\/www.stableawning.com\/de\/wp-json\/wp\/v2\/users\/2"}],"replies":[{"embeddable":true,"href":"https:\/\/www.stableawning.com\/de\/wp-json\/wp\/v2\/comments?post=7446"}],"version-history":[{"count":8,"href":"https:\/\/www.stableawning.com\/de\/wp-json\/wp\/v2\/pages\/7446\/revisions"}],"predecessor-version":[{"id":13890,"href":"https:\/\/www.stableawning.com\/de\/wp-json\/wp\/v2\/pages\/7446\/revisions\/13890"}],"wp:attachment":[{"href":"https:\/\/www.stableawning.com\/de\/wp-json\/wp\/v2\/media?parent=7446"}],"curies":[{"name":"wp","href":"https:\/\/api.w.org\/{rel}","templated":true}]}}