{"id":7658,"date":"2022-05-13T23:31:51","date_gmt":"2022-05-13T15:31:51","guid":{"rendered":"https:\/\/www.stableawning.com\/hogar\/"},"modified":"2026-04-21T17:08:35","modified_gmt":"2026-04-21T09:08:35","slug":"hogar","status":"publish","type":"page","link":"https:\/\/www.stableawning.com\/es\/","title":{"rendered":"hogar"},"content":{"rendered":"<p>[vc_row][vc_column]<div class=\"dt-fancy-separator title-left h4-size style-dashed\" style=\"width: 100%;\"><div class=\"dt-fancy-title\" style=\"color: #0884cf;\"><span class=\"separator-holder separator-left\" style=\"border-color: #0884cf;\"><\/span>Acerca de Stable Awning:<span class=\"separator-holder separator-right\" style=\"border-color: #0884cf;\"><\/span><\/div><\/div>[vc_empty_space][vc_column_text]<img loading=\"lazy\" decoding=\"async\" class=\"alignnone size-full wp-image-3660\" src=\"https:\/\/www.stableawning.com\/wp-content\/uploads\/2024\/06\/Stable-Awning-Factory.jpg\" alt=\"F\u00e1brica de toldos estables\" width=\"1200\" height=\"628\" srcset=\"https:\/\/www.stableawning.com\/wp-content\/uploads\/2024\/06\/Stable-Awning-Factory.jpg 1200w, https:\/\/www.stableawning.com\/wp-content\/uploads\/2024\/06\/Stable-Awning-Factory-1080x565.jpg 1080w, https:\/\/www.stableawning.com\/wp-content\/uploads\/2024\/06\/Stable-Awning-Factory-768x402.jpg 768w\" sizes=\"auto, (max-width: 1200px) 100vw, 1200px\" \/>[\/vc_column_text][vc_column_text]<br \/>\nChongqing Stable Awning Manufacturing Co., Ltd. es un fabricante profesional de productos de protecci\u00f3n solar y contra la lluvia, que integra I+D, producci\u00f3n, ventas y servicio. Nuestra f\u00e1brica cuenta con m\u00e1s de 10 a\u00f1os de experiencia en la fabricaci\u00f3n de toldos y ha desarrollado una s\u00f3lida relaci\u00f3n de cooperaci\u00f3n con cientos de empresas internacionales. Nos especializamos en la fabricaci\u00f3n de toldos para exteriores y suministramos productos de protecci\u00f3n solar de alta calidad y soluciones de instalaci\u00f3n a numerosas empresas comerciales y particulares.<br \/>\n<strong>Chongqing Stable Awning Manufacturing Co., Ltd.<\/strong> is a professional rain &amp; sun shading products manufacturer, integrating R&amp;D, production, sales and service. Our factory has more than 10 years of experience in the manufacture of awnings and developing a good cooperative relationship with hundreds of oversea companies. Specializing in the manufacture of outdoor awnings and supplying high quality shading products and installation solutions to many awning commercial companies and residences.<br \/>\nOur company has our own trademark \u201cStable Awning\u00bb. The main products: door &amp; window awning, terrace awning, carport, robot lawn mower garage, undertaking various engineering customization projects, distribution, one-piece drop shipping and self-operated export business of awnings. Our stable awning products are sold to more than 100 countries and regions around the world.<br \/>\nOur shading awning products, with these features such as beautiful appearance, high quality and easy installation, is the best choice for users who pursue a quality life. We sincerely invite customers at home and abroad to work with Stable Awning to create a warm and safe outdoor space, working together to welcome guests from all over the world and shield all wind and rain.[\/vc_column_text]<style type=\"text\/css\">#dt-btn-1 {color: #ffffff;background: #0884cf;}#dt-btn-1 > .text-wrap * {color: #ffffff;}#dt-btn-1:hover {color: #ffffff;background: #dd9933;}#dt-btn-1:hover > .text-wrap * {color: #ffffff;}<\/style><a href=\"\/about\" class=\"btn-shortcode dt-btn-m dt-btn custom-btn-color custom-btn-hover-color\" target=\"_blank\" id=\"dt-btn-1\" rel=\"noopener\"><span>M\u00e1s informaci\u00f3n<\/span><\/a>[\/vc_column][\/vc_row][vc_row][vc_column]<div class=\"dt-fancy-separator title-left h4-size style-dashed\" style=\"width: 100%;\"><div class=\"dt-fancy-title\" style=\"color: #0884cf;\"><span class=\"separator-holder separator-left\" style=\"border-color: #0884cf;\"><\/span>Ventajas del toldo estable:<span class=\"separator-holder separator-right\" style=\"border-color: #0884cf;\"><\/span><\/div><\/div>[vc_empty_space][vc_row_inner][vc_column_inner width=\u00bb1\/4&#8243;][vc_column_text]<img loading=\"lazy\" decoding=\"async\" class=\"size-full wp-image-1232 aligncenter\" src=\"\/wp-content\/uploads\/2022\/06\/Factory-Direct-Supply1.png\" alt=\"Suministro directo de f\u00e1brica\" width=\"100\" height=\"100\" \/>[\/vc_column_text][vc_column_text]<\/p>\n<p style=\"text-align: center;\">Suministro directo de f\u00e1brica<br \/>\nControlamos la calidad y la entrega de forma eficaz.<\/p>\n<p>[\/vc_column_text][\/vc_column_inner][vc_column_inner width=\u00bb1\/4&#8243;][vc_column_text]<img loading=\"lazy\" decoding=\"async\" class=\"size-full wp-image-1231 aligncenter\" src=\"\/wp-content\/uploads\/2022\/06\/High-Quality-Fresh-Material.png\" alt=\"Material fresco y de alta calidad\" width=\"100\" height=\"100\" \/>[\/vc_column_text][vc_column_text]<\/p>\n<p style=\"text-align: center;\">Materia prima de alta calidad y tecnolog\u00eda de punta<br \/>\nGarantizamos materias primas 100 % nuevas y productos de alta calidad.<\/p>\n<p>[\/vc_column_text][\/vc_column_inner][vc_column_inner width=\u00bb1\/4&#8243;][vc_column_text]<img loading=\"lazy\" decoding=\"async\" class=\"size-full wp-image-1230 aligncenter\" src=\"\/wp-content\/uploads\/2022\/06\/Beautiful-Apperance-Design-Easy-to-Install.png\" alt=\"Hermosa apariencia y dise\u00f1o F\u00e1cil de instalar\" width=\"100\" height=\"100\" \/>[\/vc_column_text][vc_column_text]<\/p>\n<p style=\"text-align: center;\"><strong>Hermosa apariencia y dise\u00f1o, f\u00e1cil de instalar.<\/strong><\/p>\n<p>[\/vc_column_text][\/vc_column_inner][vc_column_inner width=\u00bb1\/4&#8243;][vc_column_text]<img loading=\"lazy\" decoding=\"async\" class=\"size-full wp-image-1229 aligncenter\" src=\"\/wp-content\/uploads\/2022\/06\/With-R-D-Capabilities.png\" alt=\"Con capacidades de I+D\" width=\"100\" height=\"100\" \/>[\/vc_column_text][vc_column_text]<\/p>\n<p style=\"text-align: center;\">Con capacidad de I+D<br \/>\nCada a\u00f1o lanzamos nuevos productos y tambi\u00e9n damos la bienvenida a dise\u00f1os personalizados seg\u00fan los requisitos de los clientes.<\/p>\n<p>[\/vc_column_text][\/vc_column_inner][\/vc_row_inner][\/vc_column][\/vc_row][vc_row][vc_column]<div class=\"dt-fancy-separator title-left h4-size style-dashed\" style=\"width: 100%;\"><div class=\"dt-fancy-title\" style=\"color: #0884cf;\"><span class=\"separator-holder separator-left\" style=\"border-color: #0884cf;\"><\/span>Productos de Toldos Estables:<span class=\"separator-holder separator-right\" style=\"border-color: #0884cf;\"><\/span><\/div><\/div>[vc_empty_space][vc_row_inner][vc_column_inner width=\u00bb1\/5&#8243;][vc_column_text]<\/p>\n<p style=\"text-align: center;\"><a href=\"https:\/\/www.stableawning.com\/es\/toldo-para-ventanas-y-puertas\/\"><img loading=\"lazy\" decoding=\"async\" class=\"alignnone size-full wp-image-3664\" src=\"https:\/\/www.stableawning.com\/wp-content\/uploads\/2024\/06\/Stable-Awning-Polycarbonate-Window-Door-Awning-1.jpg\" alt=\"Toldo estable de policarbonato para ventanas y puertas.\" width=\"700\" height=\"600\" \/><\/a>Window &amp; Door Awning<\/p>\n<p>[\/vc_column_text][\/vc_column_inner][vc_column_inner width=\u00bb1\/5&#8243;][vc_column_text]<\/p>\n<p style=\"text-align: center;\"><a href=\"https:\/\/www.stableawning.com\/es\/toldo-para-balcones-y-patios\/\"><img loading=\"lazy\" decoding=\"async\" class=\"alignnone size-full wp-image-3662\" src=\"https:\/\/www.stableawning.com\/wp-content\/uploads\/2024\/06\/stable-awning-patio-awning.jpg\" alt=\"toldo estable toldo de patio\" width=\"700\" height=\"600\" \/><\/a>Toldo para balcones y patios<\/p>\n<p>[\/vc_column_text][\/vc_column_inner][vc_column_inner width=\u00bb1\/5&#8243;][vc_column_text]<\/p>\n<p style=\"text-align: center;\"><a href=\"https:\/\/www.stableawning.com\/es\/cochera\/\"><img loading=\"lazy\" decoding=\"async\" class=\"alignnone size-full wp-image-3659\" src=\"https:\/\/www.stableawning.com\/wp-content\/uploads\/2024\/06\/stable-awning-double-cars-carport-awning.jpg\" alt=\"Toldo estable para dos coches, marquesina para aparcamiento de coches.\" width=\"700\" height=\"600\" \/><\/a>Cochera<\/p>\n<p>[\/vc_column_text][\/vc_column_inner][vc_column_inner width=\u00bb1\/5&#8243;][vc_column_text]<\/p>\n<p style=\"text-align: center;\"><a href=\"https:\/\/www.stableawning.com\/es\/garaje-para-cortacesped-robotizado\/\"><img loading=\"lazy\" decoding=\"async\" class=\"alignnone size-full wp-image-3661\" src=\"https:\/\/www.stableawning.com\/wp-content\/uploads\/2024\/06\/stable-awning-iron-lawn-mower-awning-with-hollow-sheet.jpg\" alt=\"Toldo estable de hierro para cortac\u00e9sped con chapa hueca\" width=\"700\" height=\"600\" \/><\/a>Garaje para robots cortac\u00e9sped<\/p>\n<p>[\/vc_column_text][\/vc_column_inner][vc_column_inner width=\u00bb1\/5&#8243;][vc_column_text]<\/p>\n<p style=\"text-align: center;\"><a href=\"https:\/\/www.stableawning.com\/es\/toldo-retractil\/\"><img loading=\"lazy\" decoding=\"async\" class=\"alignnone size-full wp-image-3657\" src=\"https:\/\/www.stableawning.com\/wp-content\/uploads\/2024\/06\/stable-awning-car-side-retractable-awning.jpg\" alt=\"Toldo estable, toldo lateral retr\u00e1ctil para coche\" width=\"700\" height=\"600\" \/><\/a>Toldo retr\u00e1ctil<\/p>\n<p>[\/vc_column_text][\/vc_column_inner][\/vc_row_inner][\/vc_column][\/vc_row][vc_row][vc_column]<div class=\"dt-fancy-separator title-left h4-size style-dashed\" style=\"width: 100%;\"><div class=\"dt-fancy-title\" style=\"color: #0884cf;\"><span class=\"separator-holder separator-left\" style=\"border-color: #0884cf;\"><\/span>Servicio de Toldos Estables:<span class=\"separator-holder separator-right\" style=\"border-color: #0884cf;\"><\/span><\/div><\/div>[vc_empty_space][vc_row_inner][vc_column_inner width=\u00bb1\/5&#8243;][vc_column_text]<\/p>\n<p style=\"text-align: center;\"><img loading=\"lazy\" decoding=\"async\" class=\"size-full wp-image-1247 aligncenter\" src=\"\/wp-content\/uploads\/2022\/06\/OEM-ODM-Service.png\" alt=\"Servicio OEM y ODM\" width=\"100\" height=\"100\" \/>Aceptamos servicios OEM y ODM<\/p>\n<p>[\/vc_column_text][\/vc_column_inner][vc_column_inner width=\u00bb1\/5&#8243;][vc_column_text]<\/p>\n<p style=\"text-align: center;\"><img loading=\"lazy\" decoding=\"async\" class=\"size-full wp-image-448 aligncenter\" src=\"\/wp-content\/uploads\/2022\/05\/Fast-delivery.png\" alt=\"entrega r\u00e1pida\" width=\"100\" height=\"100\" \/>Entrega r\u00e1pida por expreso, por aire, por mar.<\/p>\n<p>[\/vc_column_text][\/vc_column_inner][vc_column_inner width=\u00bb1\/5&#8243;][vc_column_text]<\/p>\n<p style=\"text-align: center;\"><img loading=\"lazy\" decoding=\"async\" class=\"size-full wp-image-449 aligncenter\" src=\"\/wp-content\/uploads\/2022\/05\/Long-lifetime-warranty.png\" alt=\"Larga garant\u00eda de por vida\" width=\"100\" height=\"100\" \/>Ofrecemos instrucciones de instalaci\u00f3n detalladas y soporte t\u00e9cnico.<\/p>\n<p>[\/vc_column_text][\/vc_column_inner][vc_column_inner width=\u00bb1\/5&#8243;][vc_column_text]<\/p>\n<p style=\"text-align: center;\"><img loading=\"lazy\" decoding=\"async\" class=\"size-full wp-image-446 aligncenter\" src=\"\/wp-content\/uploads\/2022\/05\/Easy-to-install.png\" alt=\"F\u00e1cil de instalar\" width=\"100\" height=\"100\" \/>5 a\u00f1os de garant\u00eda<\/p>\n<p>[\/vc_column_text][\/vc_column_inner][vc_column_inner width=\u00bb1\/5&#8243;][vc_column_text]<\/p>\n<p style=\"text-align: center;\"><img loading=\"lazy\" decoding=\"async\" class=\"size-full wp-image-450 aligncenter\" src=\"\/wp-content\/uploads\/2022\/05\/Reliable-after-sales-service.png\" alt=\"Servicio posventa confiable\" width=\"100\" height=\"100\" \/>Ofrecemos instrucciones de instalaci\u00f3n detalladas y soporte t\u00e9cnico de larga duraci\u00f3n.<\/p>\n<p>[\/vc_column_text][\/vc_column_inner][\/vc_row_inner][\/vc_column][\/vc_row]<\/p>\n","protected":false},"excerpt":{"rendered":"<p>[vc_row][vc_column][vc_empty_space][vc_column_text][\/vc_column_text][vc_column_text] Chongqing Stable Awning Manufacturing Co., Ltd. es un fabricante profesional de productos de protecci\u00f3n solar y contra la lluvia, que integra I+D, producci\u00f3n, ventas y servicio. Nuestra f\u00e1brica cuenta con m\u00e1s de 10 a\u00f1os de experiencia en la fabricaci\u00f3n de toldos y ha desarrollado una s\u00f3lida relaci\u00f3n de cooperaci\u00f3n con cientos de empresas internacionales.&hellip;<\/p>\n","protected":false},"author":2,"featured_media":0,"parent":0,"menu_order":0,"comment_status":"closed","ping_status":"closed","template":"","meta":[],"class_list":["post-7658","page","type-page","status-publish","hentry","description-off"],"yoast_head":"<!-- This site is optimized with the Yoast SEO plugin v26.6 - https:\/\/yoast.com\/wordpress\/plugins\/seo\/ -->\n<title>Toldos estables - F\u00e1brica y proveedor especialista en toldos<\/title>\n<meta name=\"description\" content=\"Stable Awning: Your trusted awning specialist factory &amp; supplier. We manufacture durable sun &amp; rain protection awnings.\" \/>\n<meta name=\"robots\" content=\"index, follow, max-snippet:-1, max-image-preview:large, max-video-preview:-1\" \/>\n<link rel=\"canonical\" href=\"https:\/\/www.stableawning.com\/es\/\" \/>\n<meta property=\"og:locale\" content=\"es_ES\" \/>\n<meta property=\"og:type\" content=\"article\" \/>\n<meta property=\"og:title\" content=\"Toldos estables - F\u00e1brica y proveedor especialista en toldos\" \/>\n<meta property=\"og:description\" content=\"Stable Awning: Your trusted awning specialist factory &amp; supplier. We manufacture durable sun &amp; rain protection awnings.\" \/>\n<meta property=\"og:url\" content=\"https:\/\/www.stableawning.com\/es\/\" \/>\n<meta property=\"og:site_name\" content=\"Chongqing estable toldo Co. de fabricaci\u00f3n, Ltd.\" \/>\n<meta property=\"article:publisher\" content=\"https:\/\/www.facebook.com\/profile.php?id=100090283616109\" \/>\n<meta property=\"article:modified_time\" content=\"2026-04-21T09:08:35+00:00\" \/>\n<meta property=\"og:image\" content=\"https:\/\/www.stableawning.com\/wp-content\/uploads\/2024\/06\/Stable-Awning-Factory.jpg\" \/>\n\t<meta property=\"og:image:width\" content=\"1200\" \/>\n\t<meta property=\"og:image:height\" content=\"628\" \/>\n\t<meta property=\"og:image:type\" content=\"image\/jpeg\" \/>\n<meta name=\"twitter:card\" content=\"summary_large_image\" \/>\n<meta name=\"twitter:label1\" content=\"Tiempo de lectura\" \/>\n\t<meta name=\"twitter:data1\" content=\"6 minutos\" \/>\n<script type=\"application\/ld+json\" class=\"yoast-schema-graph\">{\"@context\":\"https:\/\/schema.org\",\"@graph\":[{\"@type\":\"WebPage\",\"@id\":\"https:\/\/www.stableawning.com\/es\/\",\"url\":\"https:\/\/www.stableawning.com\/es\/\",\"name\":\"Toldos estables - F\u00e1brica y proveedor especialista en toldos\",\"isPartOf\":{\"@id\":\"https:\/\/www.stableawning.com\/#website\"},\"primaryImageOfPage\":{\"@id\":\"https:\/\/www.stableawning.com\/es\/#primaryimage\"},\"image\":{\"@id\":\"https:\/\/www.stableawning.com\/es\/#primaryimage\"},\"thumbnailUrl\":\"https:\/\/www.stableawning.com\/wp-content\/uploads\/2024\/06\/Stable-Awning-Factory.jpg\",\"datePublished\":\"2022-05-13T15:31:51+00:00\",\"dateModified\":\"2026-04-21T09:08:35+00:00\",\"description\":\"Stable Awning: Your trusted awning specialist factory & supplier. We manufacture durable sun & rain protection awnings.\",\"breadcrumb\":{\"@id\":\"https:\/\/www.stableawning.com\/es\/#breadcrumb\"},\"inLanguage\":\"es\",\"potentialAction\":[{\"@type\":\"ReadAction\",\"target\":[\"https:\/\/www.stableawning.com\/es\/\"]}]},{\"@type\":\"ImageObject\",\"inLanguage\":\"es\",\"@id\":\"https:\/\/www.stableawning.com\/es\/#primaryimage\",\"url\":\"https:\/\/www.stableawning.com\/wp-content\/uploads\/2024\/06\/Stable-Awning-Factory.jpg\",\"contentUrl\":\"https:\/\/www.stableawning.com\/wp-content\/uploads\/2024\/06\/Stable-Awning-Factory.jpg\"},{\"@type\":\"BreadcrumbList\",\"@id\":\"https:\/\/www.stableawning.com\/es\/#breadcrumb\",\"itemListElement\":[{\"@type\":\"ListItem\",\"position\":1,\"name\":\"Home\",\"item\":\"https:\/\/www.stableawning.com\/es\/\"},{\"@type\":\"ListItem\",\"position\":2,\"name\":\"hogar\"}]},{\"@type\":\"WebSite\",\"@id\":\"https:\/\/www.stableawning.com\/#website\",\"url\":\"https:\/\/www.stableawning.com\/\",\"name\":\"Chongqing Stable Awning Manufacturing Co., Ltd.\",\"description\":\"\",\"publisher\":{\"@id\":\"https:\/\/www.stableawning.com\/#organization\"},\"potentialAction\":[{\"@type\":\"SearchAction\",\"target\":{\"@type\":\"EntryPoint\",\"urlTemplate\":\"https:\/\/www.stableawning.com\/?s={search_term_string}\"},\"query-input\":{\"@type\":\"PropertyValueSpecification\",\"valueRequired\":true,\"valueName\":\"search_term_string\"}}],\"inLanguage\":\"es\"},{\"@type\":\"Organization\",\"@id\":\"https:\/\/www.stableawning.com\/#organization\",\"name\":\"Chongqing estable toldo Co. de fabricaci\u00f3n, Ltd.\",\"url\":\"https:\/\/www.stableawning.com\/\",\"logo\":{\"@type\":\"ImageObject\",\"inLanguage\":\"es\",\"@id\":\"https:\/\/www.stableawning.com\/#\/schema\/logo\/image\/\",\"url\":\"https:\/\/www.stableawning.com\/wp-content\/uploads\/2023\/03\/stable-awning-logo7.png\",\"contentUrl\":\"https:\/\/www.stableawning.com\/wp-content\/uploads\/2023\/03\/stable-awning-logo7.png\",\"width\":173,\"height\":82,\"caption\":\"Chongqing estable toldo Co. de fabricaci\u00f3n, Ltd.\"},\"image\":{\"@id\":\"https:\/\/www.stableawning.com\/#\/schema\/logo\/image\/\"},\"sameAs\":[\"https:\/\/www.facebook.com\/profile.php?id=100090283616109\"]}]}<\/script>\n<!-- \/ Yoast SEO plugin. -->","yoast_head_json":{"title":"Toldos estables - F\u00e1brica y proveedor especialista en toldos","description":"Stable Awning: Your trusted awning specialist factory & supplier. We manufacture durable sun & rain protection awnings.","robots":{"index":"index","follow":"follow","max-snippet":"max-snippet:-1","max-image-preview":"max-image-preview:large","max-video-preview":"max-video-preview:-1"},"canonical":"https:\/\/www.stableawning.com\/es\/","og_locale":"es_ES","og_type":"article","og_title":"Toldos estables - F\u00e1brica y proveedor especialista en toldos","og_description":"Stable Awning: Your trusted awning specialist factory & supplier. We manufacture durable sun & rain protection awnings.","og_url":"https:\/\/www.stableawning.com\/es\/","og_site_name":"Chongqing estable toldo Co. de fabricaci\u00f3n, Ltd.","article_publisher":"https:\/\/www.facebook.com\/profile.php?id=100090283616109","article_modified_time":"2026-04-21T09:08:35+00:00","og_image":[{"width":1200,"height":628,"url":"https:\/\/www.stableawning.com\/wp-content\/uploads\/2024\/06\/Stable-Awning-Factory.jpg","type":"image\/jpeg"}],"twitter_card":"summary_large_image","twitter_misc":{"Tiempo de lectura":"6 minutos"},"schema":{"@context":"https:\/\/schema.org","@graph":[{"@type":"WebPage","@id":"https:\/\/www.stableawning.com\/es\/","url":"https:\/\/www.stableawning.com\/es\/","name":"Toldos estables - F\u00e1brica y proveedor especialista en toldos","isPartOf":{"@id":"https:\/\/www.stableawning.com\/#website"},"primaryImageOfPage":{"@id":"https:\/\/www.stableawning.com\/es\/#primaryimage"},"image":{"@id":"https:\/\/www.stableawning.com\/es\/#primaryimage"},"thumbnailUrl":"https:\/\/www.stableawning.com\/wp-content\/uploads\/2024\/06\/Stable-Awning-Factory.jpg","datePublished":"2022-05-13T15:31:51+00:00","dateModified":"2026-04-21T09:08:35+00:00","description":"Stable Awning: Your trusted awning specialist factory & supplier. We manufacture durable sun & rain protection awnings.","breadcrumb":{"@id":"https:\/\/www.stableawning.com\/es\/#breadcrumb"},"inLanguage":"es","potentialAction":[{"@type":"ReadAction","target":["https:\/\/www.stableawning.com\/es\/"]}]},{"@type":"ImageObject","inLanguage":"es","@id":"https:\/\/www.stableawning.com\/es\/#primaryimage","url":"https:\/\/www.stableawning.com\/wp-content\/uploads\/2024\/06\/Stable-Awning-Factory.jpg","contentUrl":"https:\/\/www.stableawning.com\/wp-content\/uploads\/2024\/06\/Stable-Awning-Factory.jpg"},{"@type":"BreadcrumbList","@id":"https:\/\/www.stableawning.com\/es\/#breadcrumb","itemListElement":[{"@type":"ListItem","position":1,"name":"Home","item":"https:\/\/www.stableawning.com\/es\/"},{"@type":"ListItem","position":2,"name":"hogar"}]},{"@type":"WebSite","@id":"https:\/\/www.stableawning.com\/#website","url":"https:\/\/www.stableawning.com\/","name":"Chongqing Stable Awning Manufacturing Co., Ltd.","description":"","publisher":{"@id":"https:\/\/www.stableawning.com\/#organization"},"potentialAction":[{"@type":"SearchAction","target":{"@type":"EntryPoint","urlTemplate":"https:\/\/www.stableawning.com\/?s={search_term_string}"},"query-input":{"@type":"PropertyValueSpecification","valueRequired":true,"valueName":"search_term_string"}}],"inLanguage":"es"},{"@type":"Organization","@id":"https:\/\/www.stableawning.com\/#organization","name":"Chongqing estable toldo Co. de fabricaci\u00f3n, Ltd.","url":"https:\/\/www.stableawning.com\/","logo":{"@type":"ImageObject","inLanguage":"es","@id":"https:\/\/www.stableawning.com\/#\/schema\/logo\/image\/","url":"https:\/\/www.stableawning.com\/wp-content\/uploads\/2023\/03\/stable-awning-logo7.png","contentUrl":"https:\/\/www.stableawning.com\/wp-content\/uploads\/2023\/03\/stable-awning-logo7.png","width":173,"height":82,"caption":"Chongqing estable toldo Co. de fabricaci\u00f3n, Ltd."},"image":{"@id":"https:\/\/www.stableawning.com\/#\/schema\/logo\/image\/"},"sameAs":["https:\/\/www.facebook.com\/profile.php?id=100090283616109"]}]}},"_links":{"self":[{"href":"https:\/\/www.stableawning.com\/es\/wp-json\/wp\/v2\/pages\/7658","targetHints":{"allow":["GET"]}}],"collection":[{"href":"https:\/\/www.stableawning.com\/es\/wp-json\/wp\/v2\/pages"}],"about":[{"href":"https:\/\/www.stableawning.com\/es\/wp-json\/wp\/v2\/types\/page"}],"author":[{"embeddable":true,"href":"https:\/\/www.stableawning.com\/es\/wp-json\/wp\/v2\/users\/2"}],"replies":[{"embeddable":true,"href":"https:\/\/www.stableawning.com\/es\/wp-json\/wp\/v2\/comments?post=7658"}],"version-history":[{"count":7,"href":"https:\/\/www.stableawning.com\/es\/wp-json\/wp\/v2\/pages\/7658\/revisions"}],"predecessor-version":[{"id":13921,"href":"https:\/\/www.stableawning.com\/es\/wp-json\/wp\/v2\/pages\/7658\/revisions\/13921"}],"wp:attachment":[{"href":"https:\/\/www.stableawning.com\/es\/wp-json\/wp\/v2\/media?parent=7658"}],"curies":[{"name":"wp","href":"https:\/\/api.w.org\/{rel}","templated":true}]}}