{"id":6890,"date":"2022-05-14T20:23:43","date_gmt":"2022-05-14T12:23:43","guid":{"rendered":"https:\/\/www.stableawning.com\/faq\/"},"modified":"2026-01-04T14:20:26","modified_gmt":"2026-01-04T06:20:26","slug":"faq","status":"publish","type":"page","link":"https:\/\/www.stableawning.com\/fr\/faq\/","title":{"rendered":"FAQ"},"content":{"rendered":"<p>[vc_row][vc_column]<div class=\"dt-fancy-separator title-left h3-size style-dashed\" style=\"width: 100%;\"><div class=\"dt-fancy-title\" style=\"color: #0884cf;\"><span class=\"separator-holder separator-left\" style=\"border-color: #0884cf;\"><\/span>FAQ sur les auvents d&#039;\u00e9curie<span class=\"separator-holder separator-right\" style=\"border-color: #0884cf;\"><\/span><\/div><\/div>[vc_column_text]FAQ sur les auvents d&rsquo;\u00e9curie : Vous trouverez ici les r\u00e9ponses \u00e0 la plupart des questions fr\u00e9quemment pos\u00e9es sur nos auvents en polycarbonate et sur les entreprises sp\u00e9cialis\u00e9es dans les auvents d&rsquo;\u00e9curie.[\/vc_column_text][vc_empty_space][vc_column_text]<\/p>\n<h4 style=\"color: #0884cf;\">Q1. \u00cates-vous une usine ou une soci\u00e9t\u00e9 commerciale ? <\/h4>\n<p>A: Nous sommes une usine sp\u00e9cialis\u00e9e dans la production de protections solaires et d&rsquo;abris contre la pluie depuis plus de 10 ans.[\/vc_column_text][vc_column_text]<\/p>\n<h4 style=\"color: #0884cf;\">Q2. Pourrions-nous visiter votre entreprise ? <\/h4>\n<p>A: Bien s\u00fbr. Nous serons ravis de vous accueillir.[\/vc_column_text][vc_column_text]<\/p>\n<h4 style=\"color: #0884cf;\">Q3. Comment contr\u00f4lez-vous la qualit\u00e9 des auvents ? <\/h4>\n<p>A: Notre usine dispose d&rsquo;une s\u00e9rie de processus de contr\u00f4le qualit\u00e9 rigoureux, depuis les mati\u00e8res premi\u00e8res jusqu&rsquo;\u00e0 l&#8217;emballage, afin de garantir des stores de qualit\u00e9, conform\u00e9ment \u00e0 nos engagements.[\/vc_column_text][vc_column_text]<\/p>\n<h4 style=\"color: #0884cf;\">Q4. Acceptez-vous les commandes OEM ou ODM ? <\/h4>\n<p>R : Oui, nous acceptons les commandes OEM et ODM pour la taille, la couleur et le mode d&#8217;emballage, si vous pouvez respecter la quantit\u00e9 minimale de commande (MOQ) de personnalisation.[\/vc_column_text][vc_column_text]<\/p>\n<h4 style=\"color: #0884cf;\">Q5. Quel est votre MOQ ? <\/h4>\n<p>R : Pour nos stores standards (dimensions, couleur, mat\u00e9riau, emballage, etc.), nous acceptons les petites commandes. Pour les stores <a href=\"https:\/\/www.stableawning.com\/window-door-awnings\/\">personnalis\u00e9s<\/a>, nous nous adaptons \u00e0 vos besoins.[\/vc_column_text][vc_column_text]<\/p>\n<h4 style=\"color: #0884cf;\">Q6. Comment puis-je commander chez vous des produits d&rsquo;ombrage et d&rsquo;abri contre la pluie ? <\/h4>\n<p>A: Vous pouvez tout d&rsquo;abord nous envoyer vos exigences, telles que la taille, le mat\u00e9riau, la couleur de l&#8217;emballage, etc. Ensuite, notre \u00e9quipe de vente professionnelle vous apportera son soutien et vous recommandera des produits adapt\u00e9s \u00e0 votre march\u00e9 local.[\/vc_column_text][vc_column_text]<\/p>\n<h4 style=\"color: #0884cf;\">Q7. Quelle est votre m\u00e9thode d&#8217;emballage ? <\/h4>\n<p>A : Habituellement, nous utilisons des cartons d&rsquo;exportation standard. Si vous avez des exigences particuli\u00e8res en mati\u00e8re d&#8217;emballage, nous ferons de notre mieux pour vous aider.[\/vc_column_text][vc_column_text]<\/p>\n<h4 style=\"color: #0884cf;\">Q8. Quel est votre d\u00e9lai de livraison ? <\/h4>\n<p>A: Pour les petites commandes, le d\u00e9lai de livraison est d&rsquo;environ 3 \u00e0 7 jours apr\u00e8s r\u00e9ception de l&rsquo;acompte ; pour les commandes moyennes, le d\u00e9lai de livraison est de 15 jours apr\u00e8s r\u00e9ception de l&rsquo;acompte ; pour les commandes de 20GP ou 40HQ, le d\u00e9lai de livraison est d&rsquo;environ 30 \u00e0 45 jours apr\u00e8s le versement de l&rsquo;acompte.[\/vc_column_text][vc_column_text]<\/p>\n<h4 style=\"color: #0884cf;\">Q9. Quelle est votre garantie ? <\/h4>\n<p>R: Nos produits d&rsquo;ombrage et d&rsquo;abri contre la pluie b\u00e9n\u00e9ficient d&rsquo;une garantie de 2 ans, 5 ans et 10 ans selon les produits.[\/vc_column_text][vc_column_text]<\/p>\n<h4 style=\"color: #0884cf;\">Q10. Si j&rsquo;ai besoin d&rsquo;assistance technique, pourriez-vous m&rsquo;aider ? <\/h4>\n<p>R : Bien s\u00fbr, nous avons une \u00e9quipe technique professionnelle pour vous assister si vous avez besoin de notre aide.[\/vc_column_text][vc_column_text]<\/p>\n<h4 style=\"color: #0884cf;\">Q11. Comment pouvons-nous devenir votre agent pour les produits d&rsquo;auvent dans notre pays ? <\/h4>\n<p>A : Veuillez nous fournir une pr\u00e9sentation d\u00e9taill\u00e9e de votre entreprise, ainsi que vos plans marketing et commerciaux, afin que nous puissions l&rsquo;\u00e9valuer. Si votre candidature est retenue, nous vous accorderons le droit de distribuer nos stores.[\/vc_column_text][\/vc_column][vc_column][\/vc_column][\/vc_row][vc_row][vc_column][\/vc_column][\/vc_row]<\/p>\n","protected":false},"excerpt":{"rendered":"<p>[vc_row][vc_column][vc_column_text]FAQ sur les auvents d&rsquo;\u00e9curie : Vous trouverez ici les r\u00e9ponses \u00e0 la plupart des questions fr\u00e9quemment pos\u00e9es sur nos auvents en polycarbonate et sur les entreprises sp\u00e9cialis\u00e9es dans les auvents d&rsquo;\u00e9curie.[\/vc_column_text][vc_empty_space][vc_column_text] Q1. \u00cates-vous une usine ou une soci\u00e9t\u00e9 commerciale ? A: Nous sommes une usine sp\u00e9cialis\u00e9e dans la production de protections solaires et d&rsquo;abris&hellip;<\/p>\n","protected":false},"author":2,"featured_media":0,"parent":0,"menu_order":0,"comment_status":"closed","ping_status":"closed","template":"","meta":[],"class_list":["post-6890","page","type-page","status-publish","hentry","description-off"],"yoast_head":"<!-- This site is optimized with the Yoast SEO plugin v26.6 - https:\/\/yoast.com\/wordpress\/plugins\/seo\/ -->\n<title>FAQ sur les auvents d&#039;\u00e9curie<\/title>\n<meta name=\"description\" content=\"FAQ sur les auvents d&#039;\u00e9curie : Vous trouverez ici les r\u00e9ponses \u00e0 la plupart des questions fr\u00e9quemment pos\u00e9es sur nos auvents en polycarbonate et sur les entreprises sp\u00e9cialis\u00e9es dans les auvents d&#039;\u00e9curie.\" \/>\n<meta name=\"robots\" content=\"index, follow, max-snippet:-1, max-image-preview:large, max-video-preview:-1\" \/>\n<link rel=\"canonical\" href=\"https:\/\/www.stableawning.com\/fr\/faq\/\" \/>\n<meta property=\"og:locale\" content=\"fr_FR\" \/>\n<meta property=\"og:type\" content=\"article\" \/>\n<meta property=\"og:title\" content=\"FAQ sur les auvents d&#039;\u00e9curie\" \/>\n<meta property=\"og:description\" content=\"FAQ sur les auvents d&#039;\u00e9curie : Vous trouverez ici les r\u00e9ponses \u00e0 la plupart des questions fr\u00e9quemment pos\u00e9es sur nos auvents en polycarbonate et sur les entreprises sp\u00e9cialis\u00e9es dans les auvents d&#039;\u00e9curie.\" \/>\n<meta property=\"og:url\" content=\"https:\/\/www.stableawning.com\/fr\/faq\/\" \/>\n<meta property=\"og:site_name\" content=\"Chongqing auvent Stable fabrication Co., Ltd.\" \/>\n<meta property=\"article:publisher\" content=\"https:\/\/www.facebook.com\/profile.php?id=100090283616109\" \/>\n<meta property=\"article:modified_time\" content=\"2026-01-04T06:20:26+00:00\" \/>\n<meta name=\"twitter:card\" content=\"summary_large_image\" \/>\n<meta name=\"twitter:label1\" content=\"Dur\u00e9e de lecture estim\u00e9e\" \/>\n\t<meta name=\"twitter:data1\" content=\"3 minutes\" \/>\n<script type=\"application\/ld+json\" class=\"yoast-schema-graph\">{\"@context\":\"https:\/\/schema.org\",\"@graph\":[{\"@type\":\"WebPage\",\"@id\":\"https:\/\/www.stableawning.com\/fr\/faq\/\",\"url\":\"https:\/\/www.stableawning.com\/fr\/faq\/\",\"name\":\"FAQ sur les auvents d'\u00e9curie\",\"isPartOf\":{\"@id\":\"https:\/\/www.stableawning.com\/#website\"},\"datePublished\":\"2022-05-14T12:23:43+00:00\",\"dateModified\":\"2026-01-04T06:20:26+00:00\",\"description\":\"FAQ sur les auvents d'\u00e9curie : Vous trouverez ici les r\u00e9ponses \u00e0 la plupart des questions fr\u00e9quemment pos\u00e9es sur nos auvents en polycarbonate et sur les entreprises sp\u00e9cialis\u00e9es dans les auvents d'\u00e9curie.\",\"breadcrumb\":{\"@id\":\"https:\/\/www.stableawning.com\/fr\/faq\/#breadcrumb\"},\"inLanguage\":\"fr-FR\",\"potentialAction\":[{\"@type\":\"ReadAction\",\"target\":[\"https:\/\/www.stableawning.com\/fr\/faq\/\"]}]},{\"@type\":\"BreadcrumbList\",\"@id\":\"https:\/\/www.stableawning.com\/fr\/faq\/#breadcrumb\",\"itemListElement\":[{\"@type\":\"ListItem\",\"position\":1,\"name\":\"Home\",\"item\":\"https:\/\/www.stableawning.com\/fr\/\"},{\"@type\":\"ListItem\",\"position\":2,\"name\":\"FAQ\"}]},{\"@type\":\"WebSite\",\"@id\":\"https:\/\/www.stableawning.com\/#website\",\"url\":\"https:\/\/www.stableawning.com\/\",\"name\":\"Chongqing Stable Awning Manufacturing Co., Ltd.\",\"description\":\"\",\"publisher\":{\"@id\":\"https:\/\/www.stableawning.com\/#organization\"},\"potentialAction\":[{\"@type\":\"SearchAction\",\"target\":{\"@type\":\"EntryPoint\",\"urlTemplate\":\"https:\/\/www.stableawning.com\/?s={search_term_string}\"},\"query-input\":{\"@type\":\"PropertyValueSpecification\",\"valueRequired\":true,\"valueName\":\"search_term_string\"}}],\"inLanguage\":\"fr-FR\"},{\"@type\":\"Organization\",\"@id\":\"https:\/\/www.stableawning.com\/#organization\",\"name\":\"Chongqing auvent Stable fabrication Co., Ltd.\",\"url\":\"https:\/\/www.stableawning.com\/\",\"logo\":{\"@type\":\"ImageObject\",\"inLanguage\":\"fr-FR\",\"@id\":\"https:\/\/www.stableawning.com\/#\/schema\/logo\/image\/\",\"url\":\"https:\/\/www.stableawning.com\/wp-content\/uploads\/2023\/03\/stable-awning-logo7.png\",\"contentUrl\":\"https:\/\/www.stableawning.com\/wp-content\/uploads\/2023\/03\/stable-awning-logo7.png\",\"width\":173,\"height\":82,\"caption\":\"Chongqing auvent Stable fabrication Co., Ltd.\"},\"image\":{\"@id\":\"https:\/\/www.stableawning.com\/#\/schema\/logo\/image\/\"},\"sameAs\":[\"https:\/\/www.facebook.com\/profile.php?id=100090283616109\"]}]}<\/script>\n<!-- \/ Yoast SEO plugin. -->","yoast_head_json":{"title":"FAQ sur les auvents d'\u00e9curie","description":"FAQ sur les auvents d'\u00e9curie : Vous trouverez ici les r\u00e9ponses \u00e0 la plupart des questions fr\u00e9quemment pos\u00e9es sur nos auvents en polycarbonate et sur les entreprises sp\u00e9cialis\u00e9es dans les auvents d'\u00e9curie.","robots":{"index":"index","follow":"follow","max-snippet":"max-snippet:-1","max-image-preview":"max-image-preview:large","max-video-preview":"max-video-preview:-1"},"canonical":"https:\/\/www.stableawning.com\/fr\/faq\/","og_locale":"fr_FR","og_type":"article","og_title":"FAQ sur les auvents d'\u00e9curie","og_description":"FAQ sur les auvents d'\u00e9curie : Vous trouverez ici les r\u00e9ponses \u00e0 la plupart des questions fr\u00e9quemment pos\u00e9es sur nos auvents en polycarbonate et sur les entreprises sp\u00e9cialis\u00e9es dans les auvents d'\u00e9curie.","og_url":"https:\/\/www.stableawning.com\/fr\/faq\/","og_site_name":"Chongqing auvent Stable fabrication Co., Ltd.","article_publisher":"https:\/\/www.facebook.com\/profile.php?id=100090283616109","article_modified_time":"2026-01-04T06:20:26+00:00","twitter_card":"summary_large_image","twitter_misc":{"Dur\u00e9e de lecture estim\u00e9e":"3 minutes"},"schema":{"@context":"https:\/\/schema.org","@graph":[{"@type":"WebPage","@id":"https:\/\/www.stableawning.com\/fr\/faq\/","url":"https:\/\/www.stableawning.com\/fr\/faq\/","name":"FAQ sur les auvents d'\u00e9curie","isPartOf":{"@id":"https:\/\/www.stableawning.com\/#website"},"datePublished":"2022-05-14T12:23:43+00:00","dateModified":"2026-01-04T06:20:26+00:00","description":"FAQ sur les auvents d'\u00e9curie : Vous trouverez ici les r\u00e9ponses \u00e0 la plupart des questions fr\u00e9quemment pos\u00e9es sur nos auvents en polycarbonate et sur les entreprises sp\u00e9cialis\u00e9es dans les auvents d'\u00e9curie.","breadcrumb":{"@id":"https:\/\/www.stableawning.com\/fr\/faq\/#breadcrumb"},"inLanguage":"fr-FR","potentialAction":[{"@type":"ReadAction","target":["https:\/\/www.stableawning.com\/fr\/faq\/"]}]},{"@type":"BreadcrumbList","@id":"https:\/\/www.stableawning.com\/fr\/faq\/#breadcrumb","itemListElement":[{"@type":"ListItem","position":1,"name":"Home","item":"https:\/\/www.stableawning.com\/fr\/"},{"@type":"ListItem","position":2,"name":"FAQ"}]},{"@type":"WebSite","@id":"https:\/\/www.stableawning.com\/#website","url":"https:\/\/www.stableawning.com\/","name":"Chongqing Stable Awning Manufacturing Co., Ltd.","description":"","publisher":{"@id":"https:\/\/www.stableawning.com\/#organization"},"potentialAction":[{"@type":"SearchAction","target":{"@type":"EntryPoint","urlTemplate":"https:\/\/www.stableawning.com\/?s={search_term_string}"},"query-input":{"@type":"PropertyValueSpecification","valueRequired":true,"valueName":"search_term_string"}}],"inLanguage":"fr-FR"},{"@type":"Organization","@id":"https:\/\/www.stableawning.com\/#organization","name":"Chongqing auvent Stable fabrication Co., Ltd.","url":"https:\/\/www.stableawning.com\/","logo":{"@type":"ImageObject","inLanguage":"fr-FR","@id":"https:\/\/www.stableawning.com\/#\/schema\/logo\/image\/","url":"https:\/\/www.stableawning.com\/wp-content\/uploads\/2023\/03\/stable-awning-logo7.png","contentUrl":"https:\/\/www.stableawning.com\/wp-content\/uploads\/2023\/03\/stable-awning-logo7.png","width":173,"height":82,"caption":"Chongqing auvent Stable fabrication Co., Ltd."},"image":{"@id":"https:\/\/www.stableawning.com\/#\/schema\/logo\/image\/"},"sameAs":["https:\/\/www.facebook.com\/profile.php?id=100090283616109"]}]}},"_links":{"self":[{"href":"https:\/\/www.stableawning.com\/fr\/wp-json\/wp\/v2\/pages\/6890","targetHints":{"allow":["GET"]}}],"collection":[{"href":"https:\/\/www.stableawning.com\/fr\/wp-json\/wp\/v2\/pages"}],"about":[{"href":"https:\/\/www.stableawning.com\/fr\/wp-json\/wp\/v2\/types\/page"}],"author":[{"embeddable":true,"href":"https:\/\/www.stableawning.com\/fr\/wp-json\/wp\/v2\/users\/2"}],"replies":[{"embeddable":true,"href":"https:\/\/www.stableawning.com\/fr\/wp-json\/wp\/v2\/comments?post=6890"}],"version-history":[{"count":2,"href":"https:\/\/www.stableawning.com\/fr\/wp-json\/wp\/v2\/pages\/6890\/revisions"}],"predecessor-version":[{"id":6892,"href":"https:\/\/www.stableawning.com\/fr\/wp-json\/wp\/v2\/pages\/6890\/revisions\/6892"}],"wp:attachment":[{"href":"https:\/\/www.stableawning.com\/fr\/wp-json\/wp\/v2\/media?parent=6890"}],"curies":[{"name":"wp","href":"https:\/\/api.w.org\/{rel}","templated":true}]}}