{"id":7425,"date":"2022-05-13T23:31:51","date_gmt":"2022-05-13T15:31:51","guid":{"rendered":"https:\/\/www.stableawning.com\/maison\/"},"modified":"2026-04-21T17:02:51","modified_gmt":"2026-04-21T09:02:51","slug":"maison","status":"publish","type":"page","link":"https:\/\/www.stableawning.com\/fr\/","title":{"rendered":"Maison"},"content":{"rendered":"<p>[vc_row][vc_column]<div class=\"dt-fancy-separator title-left h4-size style-dashed\" style=\"width: 100%;\"><div class=\"dt-fancy-title\" style=\"color: #0884cf;\"><span class=\"separator-holder separator-left\" style=\"border-color: #0884cf;\"><\/span>\u00c0 propos des auvents d&#039;\u00e9curie :<span class=\"separator-holder separator-right\" style=\"border-color: #0884cf;\"><\/span><\/div><\/div>[vc_empty_space][vc_column_text]<img loading=\"lazy\" decoding=\"async\" class=\"alignnone size-full wp-image-3660\" src=\"https:\/\/www.stableawning.com\/wp-content\/uploads\/2024\/06\/Stable-Awning-Factory.jpg\" alt=\"usine d'auvents Stable\" width=\"1200\" height=\"628\" srcset=\"https:\/\/www.stableawning.com\/wp-content\/uploads\/2024\/06\/Stable-Awning-Factory.jpg 1200w, https:\/\/www.stableawning.com\/wp-content\/uploads\/2024\/06\/Stable-Awning-Factory-1080x565.jpg 1080w, https:\/\/www.stableawning.com\/wp-content\/uploads\/2024\/06\/Stable-Awning-Factory-768x402.jpg 768w\" sizes=\"auto, (max-width: 1200px) 100vw, 1200px\" \/>[\/vc_column_text][vc_column_text]<br \/>\nChongqing Stable Awning Manufacturing Co., Ltd.<br \/>\nest un fabricant professionnel de produits de protection contre la pluie et le soleil, int\u00e9grant la R&amp;D, la production, la vente et le service apr\u00e8s-vente. Notre usine b\u00e9n\u00e9ficie de plus de 10 ans d&rsquo;exp\u00e9rience dans la fabrication d&rsquo;auvents et a d\u00e9velopp\u00e9 d&rsquo;excellentes relations de coop\u00e9ration avec des centaines d&rsquo;entreprises \u00e0 l&rsquo;\u00e9tranger. Sp\u00e9cialis\u00e9e dans la fabrication d&rsquo;auvents ext\u00e9rieurs, nous fournissons des produits d&rsquo;ombrage de haute qualit\u00e9 ainsi que des solutions d&rsquo;installation \u00e0 de nombreuses entreprises commerciales et r\u00e9sidentielles.<br \/>\nChongqing Stable Awning Manufacturing Co., Ltd. est un fabricant professionnel de produits de protection solaire et de pluie, int\u00e9grant la R&amp;D, la production, la vente et le service apr\u00e8s-vente. Notre usine b\u00e9n\u00e9ficie de plus de 10 ans d&rsquo;exp\u00e9rience dans la fabrication d&rsquo;auvents et a d\u00e9velopp\u00e9 d&rsquo;excellentes relations de coop\u00e9ration avec des centaines d&rsquo;entreprises \u00e0 l&rsquo;\u00e9tranger. Sp\u00e9cialis\u00e9e dans la fabrication d&rsquo;auvents ext\u00e9rieurs, nous fournissons des produits d&rsquo;ombrage de haute qualit\u00e9 ainsi que des solutions d&rsquo;installation \u00e0 de nombreuses entreprises et particuliers.<br \/>\nNotre soci\u00e9t\u00e9 poss\u00e8de sa propre marque, \u00ab Stable Awning \u00bb. Nos principaux produits : auvents de porte et de fen\u00eatre, auvents de terrasse, abris de voiture, garages pour robots tondeuses, et nous r\u00e9alisons divers projets sur mesure, la distribution, la livraison directe et l&rsquo;exportation d&rsquo;auvents en propre. Nos auvents sont vendus dans plus de 100 pays et r\u00e9gions du monde.<br \/>\nAvec leurs atouts tels qu&rsquo;une esth\u00e9tique soign\u00e9e, une haute qualit\u00e9 et une installation facile, nos auvents sont le choix id\u00e9al pour ceux qui recherchent un confort de vie optimal. Nous invitons sinc\u00e8rement nos clients, en France et \u00e0 l&rsquo;\u00e9tranger, \u00e0 collaborer avec Stable Awning pour cr\u00e9er un espace ext\u00e9rieur chaleureux et s\u00fbr, et \u00e0 \u0153uvrer ensemble pour accueillir des visiteurs du monde entier et les prot\u00e9ger du vent et de la pluie.[\/vc_column_text]<style type=\"text\/css\">#dt-btn-1 {color: #ffffff;background: #0884cf;}#dt-btn-1 > .text-wrap * {color: #ffffff;}#dt-btn-1:hover {color: #ffffff;background: #dd9933;}#dt-btn-1:hover > .text-wrap * {color: #ffffff;}<\/style><a href=\"\/about\" class=\"btn-shortcode dt-btn-m dt-btn custom-btn-color custom-btn-hover-color\" target=\"_blank\" id=\"dt-btn-1\" rel=\"noopener\"><span>Apprendre encore plus<\/span><\/a>[\/vc_column][\/vc_row][vc_row][vc_column]<div class=\"dt-fancy-separator title-left h4-size style-dashed\" style=\"width: 100%;\"><div class=\"dt-fancy-title\" style=\"color: #0884cf;\"><span class=\"separator-holder separator-left\" style=\"border-color: #0884cf;\"><\/span>Avantage des auvents stables :<span class=\"separator-holder separator-right\" style=\"border-color: #0884cf;\"><\/span><\/div><\/div>[vc_empty_space][vc_row_inner][vc_column_inner width=\u00a0\u00bb1\/4&Prime;][vc_column_text]<img loading=\"lazy\" decoding=\"async\" class=\"size-full wp-image-1232 aligncenter\" src=\"\/wp-content\/uploads\/2022\/06\/Factory-Direct-Supply1.png\" alt=\"Approvisionnement direct d'usine\" width=\"100\" height=\"100\" \/>[\/vc_column_text][vc_column_text]<\/p>\n<p style=\"text-align: center;\">Approvisionnement direct d&rsquo;usine<br \/>\nMa\u00eetrise de la qualit\u00e9 et de la livraison<\/p>\n<p>[\/vc_column_text][\/vc_column_inner][vc_column_inner width=\u00a0\u00bb1\/4&Prime;][vc_column_text]<img loading=\"lazy\" decoding=\"async\" class=\"size-full wp-image-1231 aligncenter\" src=\"\/wp-content\/uploads\/2022\/06\/High-Quality-Fresh-Material.png\" alt=\"Mat\u00e9riaux de haute qualit\u00e9 et frais\" width=\"100\" height=\"100\" \/>[\/vc_column_text][vc_column_text]<\/p>\n<p style=\"text-align: center;\">Mati\u00e8res premi\u00e8res de haute qualit\u00e9 et de haute technologie<br \/>\nNous garantissons des mati\u00e8res premi\u00e8res 100 % neuves et des produits 100 % de haute qualit\u00e9.<\/p>\n<p>[\/vc_column_text][\/vc_column_inner][vc_column_inner width=\u00a0\u00bb1\/4&Prime;][vc_column_text]<img loading=\"lazy\" decoding=\"async\" class=\"size-full wp-image-1230 aligncenter\" src=\"\/wp-content\/uploads\/2022\/06\/Beautiful-Apperance-Design-Easy-to-Install.png\" alt=\"Apparence et design magnifiques, installation facile\" width=\"100\" height=\"100\" \/>[\/vc_column_text][vc_column_text]<\/p>\n<p style=\"text-align: center;\"><strong>Apparence et design magnifiques, installation facile.<\/strong><\/p>\n<p>[\/vc_column_text][\/vc_column_inner][vc_column_inner width=\u00a0\u00bb1\/4&Prime;][vc_column_text]<img loading=\"lazy\" decoding=\"async\" class=\"size-full wp-image-1229 aligncenter\" src=\"\/wp-content\/uploads\/2022\/06\/With-R-D-Capabilities.png\" alt=\"Avec des capacit\u00e9s de R&amp;D\" width=\"100\" height=\"100\" \/>[\/vc_column_text][vc_column_text]<\/p>\n<p style=\"text-align: center;\">Gr\u00e2ce \u00e0 nos capacit\u00e9s de R&amp;D,<br \/>\nde nouveaux produits sont lanc\u00e9s chaque ann\u00e9e, et nous proposons \u00e9galement des conceptions personnalis\u00e9es selon les exigences de nos clients.<\/p>\n<p>[\/vc_column_text][\/vc_column_inner][\/vc_row_inner][\/vc_column][\/vc_row][vc_row][vc_column]<div class=\"dt-fancy-separator title-left h4-size style-dashed\" style=\"width: 100%;\"><div class=\"dt-fancy-title\" style=\"color: #0884cf;\"><span class=\"separator-holder separator-left\" style=\"border-color: #0884cf;\"><\/span>Produits de Stable Awning :<span class=\"separator-holder separator-right\" style=\"border-color: #0884cf;\"><\/span><\/div><\/div>[vc_empty_space][vc_row_inner][vc_column_inner width=\u00a0\u00bb1\/5&Prime;][vc_column_text]<\/p>\n<p style=\"text-align: center;\"><a href=\"https:\/\/www.stableawning.com\/fr\/auvent-pour-fenetre-et-porte\/\"><img loading=\"lazy\" decoding=\"async\" class=\"alignnone size-full wp-image-3664\" src=\"https:\/\/www.stableawning.com\/wp-content\/uploads\/2024\/06\/Stable-Awning-Polycarbonate-Window-Door-Awning-1.jpg\" alt=\"Auvent stable en polycarbonate pour fen\u00eatre et porte\" width=\"700\" height=\"600\" \/><\/a>Window &amp; Door Awning<\/p>\n<p>[\/vc_column_text][\/vc_column_inner][vc_column_inner width=\u00a0\u00bb1\/5&Prime;][vc_column_text]<\/p>\n<p style=\"text-align: center;\"><a href=\"https:\/\/www.stableawning.com\/fr\/auvent-de-balcon-et-de-terrasse\/\"><img loading=\"lazy\" decoding=\"async\" class=\"alignnone size-full wp-image-3662\" src=\"https:\/\/www.stableawning.com\/wp-content\/uploads\/2024\/06\/stable-awning-patio-awning.jpg\" alt=\"auvent stable, auvent de terrasse\" width=\"700\" height=\"600\" \/><\/a>Auvent de balcon et de terrasse<\/p>\n<p>[\/vc_column_text][\/vc_column_inner][vc_column_inner width=\u00a0\u00bb1\/5&Prime;][vc_column_text]<\/p>\n<p style=\"text-align: center;\"><a href=\"https:\/\/www.stableawning.com\/fr\/abri-voiture\/\"><img loading=\"lazy\" decoding=\"async\" class=\"alignnone size-full wp-image-3659\" src=\"https:\/\/www.stableawning.com\/wp-content\/uploads\/2024\/06\/stable-awning-double-cars-carport-awning.jpg\" alt=\"auvent stable pour deux voitures, abri de voiture avec auvent\" width=\"700\" height=\"600\" \/><\/a>Abri de voiture<\/p>\n<p>[\/vc_column_text][\/vc_column_inner][vc_column_inner width=\u00a0\u00bb1\/5&Prime;][vc_column_text]<\/p>\n<p style=\"text-align: center;\"><a href=\"https:\/\/www.stableawning.com\/fr\/garage-pour-tondeuse-robot\/\"><img loading=\"lazy\" decoding=\"async\" class=\"alignnone size-full wp-image-3661\" src=\"https:\/\/www.stableawning.com\/wp-content\/uploads\/2024\/06\/stable-awning-iron-lawn-mower-awning-with-hollow-sheet.jpg\" alt=\"auvent stable en fer pour tondeuse \u00e0 gazon avec t\u00f4le alv\u00e9ol\u00e9e\" width=\"700\" height=\"600\" \/><\/a>Garage pour robot tondeuse \u00e0 gazon<\/p>\n<p>[\/vc_column_text][\/vc_column_inner][vc_column_inner width=\u00a0\u00bb1\/5&Prime;][vc_column_text]<\/p>\n<p style=\"text-align: center;\"><a href=\"https:\/\/www.stableawning.com\/fr\/store-banne-retractable\/\"><img loading=\"lazy\" decoding=\"async\" class=\"alignnone size-full wp-image-3657\" src=\"https:\/\/www.stableawning.com\/wp-content\/uploads\/2024\/06\/stable-awning-car-side-retractable-awning.jpg\" alt=\"auvent stable, auvent r\u00e9tractable lat\u00e9ral pour voiture\" width=\"700\" height=\"600\" \/><\/a>Store r\u00e9tractable<\/p>\n<p>[\/vc_column_text][\/vc_column_inner][\/vc_row_inner][\/vc_column][\/vc_row][vc_row][vc_column]<div class=\"dt-fancy-separator title-left h4-size style-dashed\" style=\"width: 100%;\"><div class=\"dt-fancy-title\" style=\"color: #0884cf;\"><span class=\"separator-holder separator-left\" style=\"border-color: #0884cf;\"><\/span>Service d&#039;auvents d&#039;\u00e9curie :<span class=\"separator-holder separator-right\" style=\"border-color: #0884cf;\"><\/span><\/div><\/div>[vc_empty_space][vc_row_inner][vc_column_inner width=\u00a0\u00bb1\/5&Prime;][vc_column_text]<\/p>\n<p style=\"text-align: center;\"><img loading=\"lazy\" decoding=\"async\" class=\"size-full wp-image-1247 aligncenter\" src=\"\/wp-content\/uploads\/2022\/06\/OEM-ODM-Service.png\" alt=\"Services OEM et ODM\" width=\"100\" height=\"100\" \/>Nous acceptons les services OEM et ODM.<\/p>\n<p>[\/vc_column_text][\/vc_column_inner][vc_column_inner width=\u00a0\u00bb1\/5&Prime;][vc_column_text]<\/p>\n<p style=\"text-align: center;\"><img loading=\"lazy\" decoding=\"async\" class=\"size-full wp-image-448 aligncenter\" src=\"\/wp-content\/uploads\/2022\/05\/Fast-delivery.png\" alt=\"livraison rapide\" width=\"100\" height=\"100\" \/>Livraison rapide par transport express, par avion, par bateau.<\/p>\n<p>[\/vc_column_text][\/vc_column_inner][vc_column_inner width=\u00a0\u00bb1\/5&Prime;][vc_column_text]<\/p>\n<p style=\"text-align: center;\"><img loading=\"lazy\" decoding=\"async\" class=\"size-full wp-image-449 aligncenter\" src=\"\/wp-content\/uploads\/2022\/05\/Long-lifetime-warranty.png\" alt=\"Garantie \u00e0 vie longue\" width=\"100\" height=\"100\" \/>Nous proposons des instructions d&rsquo;installation d\u00e9taill\u00e9es et une assistance technique.<\/p>\n<p>[\/vc_column_text][\/vc_column_inner][vc_column_inner width=\u00a0\u00bb1\/5&Prime;][vc_column_text]<\/p>\n<p style=\"text-align: center;\"><img loading=\"lazy\" decoding=\"async\" class=\"size-full wp-image-446 aligncenter\" src=\"\/wp-content\/uploads\/2022\/05\/Easy-to-install.png\" alt=\"Facile \u00e0 installer\" width=\"100\" height=\"100\" \/>Garantie de 5 ans<\/p>\n<p>[\/vc_column_text][\/vc_column_inner][vc_column_inner width=\u00a0\u00bb1\/5&Prime;][vc_column_text]<\/p>\n<p style=\"text-align: center;\"><img loading=\"lazy\" decoding=\"async\" class=\"size-full wp-image-450 aligncenter\" src=\"\/wp-content\/uploads\/2022\/05\/Reliable-after-sales-service.png\" alt=\"Service apr\u00e8s-vente fiable\" width=\"100\" height=\"100\" \/>Nous proposons des instructions d&rsquo;installation d\u00e9taill\u00e9es et une assistance technique \u00e0 long terme.<\/p>\n<p>[\/vc_column_text][\/vc_column_inner][\/vc_row_inner][\/vc_column][\/vc_row]<\/p>\n","protected":false},"excerpt":{"rendered":"<p>[vc_row][vc_column][vc_empty_space][vc_column_text][\/vc_column_text][vc_column_text] Chongqing Stable Awning Manufacturing Co., Ltd. est un fabricant professionnel de produits de protection contre la pluie et le soleil, int\u00e9grant la R&amp;D, la production, la vente et le service apr\u00e8s-vente. Notre usine b\u00e9n\u00e9ficie de plus de 10 ans d&rsquo;exp\u00e9rience dans la fabrication d&rsquo;auvents et a d\u00e9velopp\u00e9 d&rsquo;excellentes relations de coop\u00e9ration avec des centaines&hellip;<\/p>\n","protected":false},"author":2,"featured_media":0,"parent":0,"menu_order":0,"comment_status":"closed","ping_status":"closed","template":"","meta":[],"class_list":["post-7425","page","type-page","status-publish","hentry","description-off"],"yoast_head":"<!-- This site is optimized with the Yoast SEO plugin v26.6 - https:\/\/yoast.com\/wordpress\/plugins\/seo\/ -->\n<title>Auvent pour Tondeuse \u00e0 Gazon | Protection Anti-UV &amp; Etanche<\/title>\n<meta name=\"description\" content=\"Fabricant d&#039;auvents pour tondeuses \u00e0 gazon. Structure robuste, \u00e9tanche et anti-UV, pour prot\u00e9ger votre \u00e9quipement ext\u00e9rieur.\" \/>\n<meta name=\"robots\" content=\"index, follow, max-snippet:-1, max-image-preview:large, max-video-preview:-1\" \/>\n<link rel=\"canonical\" href=\"https:\/\/www.stableawning.com\/fr\/\" \/>\n<meta property=\"og:locale\" content=\"fr_FR\" \/>\n<meta property=\"og:type\" content=\"article\" \/>\n<meta property=\"og:title\" content=\"Auvent pour Tondeuse \u00e0 Gazon | Protection Anti-UV &amp; Etanche\" \/>\n<meta property=\"og:description\" content=\"Fabricant d&#039;auvents pour tondeuses \u00e0 gazon. Structure robuste, \u00e9tanche et anti-UV, pour prot\u00e9ger votre \u00e9quipement ext\u00e9rieur.\" \/>\n<meta property=\"og:url\" content=\"https:\/\/www.stableawning.com\/fr\/\" \/>\n<meta property=\"og:site_name\" content=\"Chongqing auvent Stable fabrication Co., Ltd.\" \/>\n<meta property=\"article:publisher\" content=\"https:\/\/www.facebook.com\/profile.php?id=100090283616109\" \/>\n<meta property=\"article:modified_time\" content=\"2026-04-21T09:02:51+00:00\" \/>\n<meta property=\"og:image\" content=\"https:\/\/www.stableawning.com\/wp-content\/uploads\/2024\/06\/Stable-Awning-Factory.jpg\" \/>\n\t<meta property=\"og:image:width\" content=\"1200\" \/>\n\t<meta property=\"og:image:height\" content=\"628\" \/>\n\t<meta property=\"og:image:type\" content=\"image\/jpeg\" \/>\n<meta name=\"twitter:card\" content=\"summary_large_image\" \/>\n<meta name=\"twitter:label1\" content=\"Dur\u00e9e de lecture estim\u00e9e\" \/>\n\t<meta name=\"twitter:data1\" content=\"6 minutes\" \/>\n<script type=\"application\/ld+json\" class=\"yoast-schema-graph\">{\"@context\":\"https:\/\/schema.org\",\"@graph\":[{\"@type\":\"WebPage\",\"@id\":\"https:\/\/www.stableawning.com\/fr\/\",\"url\":\"https:\/\/www.stableawning.com\/fr\/\",\"name\":\"Auvent pour Tondeuse \u00e0 Gazon | Protection Anti-UV & Etanche\",\"isPartOf\":{\"@id\":\"https:\/\/www.stableawning.com\/#website\"},\"primaryImageOfPage\":{\"@id\":\"https:\/\/www.stableawning.com\/fr\/#primaryimage\"},\"image\":{\"@id\":\"https:\/\/www.stableawning.com\/fr\/#primaryimage\"},\"thumbnailUrl\":\"https:\/\/www.stableawning.com\/wp-content\/uploads\/2024\/06\/Stable-Awning-Factory.jpg\",\"datePublished\":\"2022-05-13T15:31:51+00:00\",\"dateModified\":\"2026-04-21T09:02:51+00:00\",\"description\":\"Fabricant d'auvents pour tondeuses \u00e0 gazon. Structure robuste, \u00e9tanche et anti-UV, pour prot\u00e9ger votre \u00e9quipement ext\u00e9rieur.\",\"breadcrumb\":{\"@id\":\"https:\/\/www.stableawning.com\/fr\/#breadcrumb\"},\"inLanguage\":\"fr-FR\",\"potentialAction\":[{\"@type\":\"ReadAction\",\"target\":[\"https:\/\/www.stableawning.com\/fr\/\"]}]},{\"@type\":\"ImageObject\",\"inLanguage\":\"fr-FR\",\"@id\":\"https:\/\/www.stableawning.com\/fr\/#primaryimage\",\"url\":\"https:\/\/www.stableawning.com\/wp-content\/uploads\/2024\/06\/Stable-Awning-Factory.jpg\",\"contentUrl\":\"https:\/\/www.stableawning.com\/wp-content\/uploads\/2024\/06\/Stable-Awning-Factory.jpg\"},{\"@type\":\"BreadcrumbList\",\"@id\":\"https:\/\/www.stableawning.com\/fr\/#breadcrumb\",\"itemListElement\":[{\"@type\":\"ListItem\",\"position\":1,\"name\":\"Home\",\"item\":\"https:\/\/www.stableawning.com\/fr\/\"},{\"@type\":\"ListItem\",\"position\":2,\"name\":\"Maison\"}]},{\"@type\":\"WebSite\",\"@id\":\"https:\/\/www.stableawning.com\/#website\",\"url\":\"https:\/\/www.stableawning.com\/\",\"name\":\"Chongqing Stable Awning Manufacturing Co., Ltd.\",\"description\":\"\",\"publisher\":{\"@id\":\"https:\/\/www.stableawning.com\/#organization\"},\"potentialAction\":[{\"@type\":\"SearchAction\",\"target\":{\"@type\":\"EntryPoint\",\"urlTemplate\":\"https:\/\/www.stableawning.com\/?s={search_term_string}\"},\"query-input\":{\"@type\":\"PropertyValueSpecification\",\"valueRequired\":true,\"valueName\":\"search_term_string\"}}],\"inLanguage\":\"fr-FR\"},{\"@type\":\"Organization\",\"@id\":\"https:\/\/www.stableawning.com\/#organization\",\"name\":\"Chongqing auvent Stable fabrication Co., Ltd.\",\"url\":\"https:\/\/www.stableawning.com\/\",\"logo\":{\"@type\":\"ImageObject\",\"inLanguage\":\"fr-FR\",\"@id\":\"https:\/\/www.stableawning.com\/#\/schema\/logo\/image\/\",\"url\":\"https:\/\/www.stableawning.com\/wp-content\/uploads\/2023\/03\/stable-awning-logo7.png\",\"contentUrl\":\"https:\/\/www.stableawning.com\/wp-content\/uploads\/2023\/03\/stable-awning-logo7.png\",\"width\":173,\"height\":82,\"caption\":\"Chongqing auvent Stable fabrication Co., Ltd.\"},\"image\":{\"@id\":\"https:\/\/www.stableawning.com\/#\/schema\/logo\/image\/\"},\"sameAs\":[\"https:\/\/www.facebook.com\/profile.php?id=100090283616109\"]}]}<\/script>\n<!-- \/ Yoast SEO plugin. -->","yoast_head_json":{"title":"Auvent pour Tondeuse \u00e0 Gazon | Protection Anti-UV & Etanche","description":"Fabricant d'auvents pour tondeuses \u00e0 gazon. Structure robuste, \u00e9tanche et anti-UV, pour prot\u00e9ger votre \u00e9quipement ext\u00e9rieur.","robots":{"index":"index","follow":"follow","max-snippet":"max-snippet:-1","max-image-preview":"max-image-preview:large","max-video-preview":"max-video-preview:-1"},"canonical":"https:\/\/www.stableawning.com\/fr\/","og_locale":"fr_FR","og_type":"article","og_title":"Auvent pour Tondeuse \u00e0 Gazon | Protection Anti-UV & Etanche","og_description":"Fabricant d'auvents pour tondeuses \u00e0 gazon. Structure robuste, \u00e9tanche et anti-UV, pour prot\u00e9ger votre \u00e9quipement ext\u00e9rieur.","og_url":"https:\/\/www.stableawning.com\/fr\/","og_site_name":"Chongqing auvent Stable fabrication Co., Ltd.","article_publisher":"https:\/\/www.facebook.com\/profile.php?id=100090283616109","article_modified_time":"2026-04-21T09:02:51+00:00","og_image":[{"width":1200,"height":628,"url":"https:\/\/www.stableawning.com\/wp-content\/uploads\/2024\/06\/Stable-Awning-Factory.jpg","type":"image\/jpeg"}],"twitter_card":"summary_large_image","twitter_misc":{"Dur\u00e9e de lecture estim\u00e9e":"6 minutes"},"schema":{"@context":"https:\/\/schema.org","@graph":[{"@type":"WebPage","@id":"https:\/\/www.stableawning.com\/fr\/","url":"https:\/\/www.stableawning.com\/fr\/","name":"Auvent pour Tondeuse \u00e0 Gazon | Protection Anti-UV & Etanche","isPartOf":{"@id":"https:\/\/www.stableawning.com\/#website"},"primaryImageOfPage":{"@id":"https:\/\/www.stableawning.com\/fr\/#primaryimage"},"image":{"@id":"https:\/\/www.stableawning.com\/fr\/#primaryimage"},"thumbnailUrl":"https:\/\/www.stableawning.com\/wp-content\/uploads\/2024\/06\/Stable-Awning-Factory.jpg","datePublished":"2022-05-13T15:31:51+00:00","dateModified":"2026-04-21T09:02:51+00:00","description":"Fabricant d'auvents pour tondeuses \u00e0 gazon. Structure robuste, \u00e9tanche et anti-UV, pour prot\u00e9ger votre \u00e9quipement ext\u00e9rieur.","breadcrumb":{"@id":"https:\/\/www.stableawning.com\/fr\/#breadcrumb"},"inLanguage":"fr-FR","potentialAction":[{"@type":"ReadAction","target":["https:\/\/www.stableawning.com\/fr\/"]}]},{"@type":"ImageObject","inLanguage":"fr-FR","@id":"https:\/\/www.stableawning.com\/fr\/#primaryimage","url":"https:\/\/www.stableawning.com\/wp-content\/uploads\/2024\/06\/Stable-Awning-Factory.jpg","contentUrl":"https:\/\/www.stableawning.com\/wp-content\/uploads\/2024\/06\/Stable-Awning-Factory.jpg"},{"@type":"BreadcrumbList","@id":"https:\/\/www.stableawning.com\/fr\/#breadcrumb","itemListElement":[{"@type":"ListItem","position":1,"name":"Home","item":"https:\/\/www.stableawning.com\/fr\/"},{"@type":"ListItem","position":2,"name":"Maison"}]},{"@type":"WebSite","@id":"https:\/\/www.stableawning.com\/#website","url":"https:\/\/www.stableawning.com\/","name":"Chongqing Stable Awning Manufacturing Co., Ltd.","description":"","publisher":{"@id":"https:\/\/www.stableawning.com\/#organization"},"potentialAction":[{"@type":"SearchAction","target":{"@type":"EntryPoint","urlTemplate":"https:\/\/www.stableawning.com\/?s={search_term_string}"},"query-input":{"@type":"PropertyValueSpecification","valueRequired":true,"valueName":"search_term_string"}}],"inLanguage":"fr-FR"},{"@type":"Organization","@id":"https:\/\/www.stableawning.com\/#organization","name":"Chongqing auvent Stable fabrication Co., Ltd.","url":"https:\/\/www.stableawning.com\/","logo":{"@type":"ImageObject","inLanguage":"fr-FR","@id":"https:\/\/www.stableawning.com\/#\/schema\/logo\/image\/","url":"https:\/\/www.stableawning.com\/wp-content\/uploads\/2023\/03\/stable-awning-logo7.png","contentUrl":"https:\/\/www.stableawning.com\/wp-content\/uploads\/2023\/03\/stable-awning-logo7.png","width":173,"height":82,"caption":"Chongqing auvent Stable fabrication Co., Ltd."},"image":{"@id":"https:\/\/www.stableawning.com\/#\/schema\/logo\/image\/"},"sameAs":["https:\/\/www.facebook.com\/profile.php?id=100090283616109"]}]}},"_links":{"self":[{"href":"https:\/\/www.stableawning.com\/fr\/wp-json\/wp\/v2\/pages\/7425","targetHints":{"allow":["GET"]}}],"collection":[{"href":"https:\/\/www.stableawning.com\/fr\/wp-json\/wp\/v2\/pages"}],"about":[{"href":"https:\/\/www.stableawning.com\/fr\/wp-json\/wp\/v2\/types\/page"}],"author":[{"embeddable":true,"href":"https:\/\/www.stableawning.com\/fr\/wp-json\/wp\/v2\/users\/2"}],"replies":[{"embeddable":true,"href":"https:\/\/www.stableawning.com\/fr\/wp-json\/wp\/v2\/comments?post=7425"}],"version-history":[{"count":7,"href":"https:\/\/www.stableawning.com\/fr\/wp-json\/wp\/v2\/pages\/7425\/revisions"}],"predecessor-version":[{"id":13919,"href":"https:\/\/www.stableawning.com\/fr\/wp-json\/wp\/v2\/pages\/7425\/revisions\/13919"}],"wp:attachment":[{"href":"https:\/\/www.stableawning.com\/fr\/wp-json\/wp\/v2\/media?parent=7425"}],"curies":[{"name":"wp","href":"https:\/\/api.w.org\/{rel}","templated":true}]}}