{"id":6975,"date":"2022-05-14T20:23:43","date_gmt":"2022-05-14T12:23:43","guid":{"rendered":"https:\/\/www.stableawning.com\/perguntas-frequentes\/"},"modified":"2026-01-04T15:56:48","modified_gmt":"2026-01-04T07:56:48","slug":"perguntas-frequentes","status":"publish","type":"page","link":"https:\/\/www.stableawning.com\/pt-pt\/perguntas-frequentes\/","title":{"rendered":"Perguntas frequentes"},"content":{"rendered":"<p>[vc_row][vc_column]<div class=\"dt-fancy-separator title-left h3-size style-dashed\" style=\"width: 100%;\"><div class=\"dt-fancy-title\" style=\"color: #0884cf;\"><span class=\"separator-holder separator-left\" style=\"border-color: #0884cf;\"><\/span>Perguntas frequentes sobre toldos para est\u00e1bulos<span class=\"separator-holder separator-right\" style=\"border-color: #0884cf;\"><\/span><\/div><\/div>[vc_column_text]Perguntas frequentes sobre toldos para est\u00e1bulos: A maioria das perguntas mais frequentes sobre os nossos toldos em policarbonato e empresas de toldos para est\u00e1bulos podem ser respondidas aqui.[\/vc_column_text][vc_empty_space][vc_column_text]<\/p>\n<h4 style=\"color: #0884cf;\">Q1. S\u00e3o uma f\u00e1brica ou uma empresa comercial? <\/h4>\n<p>R: Somos uma f\u00e1brica especializada na produ\u00e7\u00e3o de produtos da s\u00e9rie de toldos e coberturas para a chuva h\u00e1 mais de 10 anos.[\/vc_column_text][vc_column_text]<\/p>\n<h4 style=\"color: #0884cf;\">Q2. Poder\u00edamos visitar a vossa empresa? <\/h4>\n<p>R: Claro. Ser\u00e1 um prazer receb\u00ea-lo(a).[\/vc_column_text][vc_column_text]<\/p>\n<h4 style=\"color: #0884cf;\">P3. Como controlam a qualidade dos toldos? <\/h4>\n<p>R: A nossa f\u00e1brica disp\u00f5e de uma s\u00e9rie de processos rigorosos de inspe\u00e7\u00e3o da qualidade do produto, desde a mat\u00e9ria-prima, passando pelo processo de produ\u00e7\u00e3o, at\u00e9 \u00e0 embalagem, para garantir que os toldos s\u00e3o da mesma qualidade que lhe prometemos.[\/vc_column_text][vc_column_text]<\/p>\n<h4 style=\"color: #0884cf;\">Q4. Aceitam OEM ou ODM? <\/h4>\n<p>R: Sim, aceitamos OEM e ODM para o tamanho, cor e forma da embalagem, desde que cumpra a quantidade m\u00ednima de encomenda para personaliza\u00e7\u00e3o.[\/vc_column_text][vc_column_text]<\/p>\n<h4 style=\"color: #0884cf;\">Q5. Qual \u00e9 a sua quantidade m\u00ednima de encomenda (MOQ)? <\/h4>\n<p>R: Para os nossos toldos standard (tamanho, cor, material, embalagem, etc.), podemos aceitar encomendas de pequenas quantidades para o servir. Se precisar de toldos <a href=\"https:\/\/www.stableawning.com\/window-door-awnings\/\">personalizados<\/a>, isso depender\u00e1 das suas necessidades.[\/vc_column_text][vc_column_text]<\/p>\n<h4 style=\"color: #0884cf;\">Q6. Como posso encomendar-vos produtos de prote\u00e7\u00e3o solar e cobertura para a chuva? <\/h4>\n<p>R: Em primeiro lugar, pode enviar-nos as suas necessidades, tais como tamanho, material, cor, embalagem, etc. Em seguida, a nossa equipa de vendas especializada dar-lhe-\u00e1 apoio e recomendar\u00e1 os produtos mais adequados para o seu mercado local.[\/vc_column_text][vc_column_text]<\/p>\n<h4 style=\"color: #0884cf;\">Q7. Qual \u00e9 o seu m\u00e9todo de embalagem? <\/h4>\n<p>R: Normalmente utilizamos caixas de cart\u00e3o padr\u00e3o para exporta\u00e7\u00e3o. Se tiver requisitos especiais de embalagem, tamb\u00e9m podemos tentar ajud\u00e1-lo(a).[\/vc_column_text][vc_column_text]<\/p>\n<h4 style=\"color: #0884cf;\">Q8. Qual \u00e9 o vosso prazo de entrega? <\/h4>\n<p>R: Para encomendas pequenas, o prazo de entrega \u00e9 de cerca de 3 a 7 dias ap\u00f3s a rece\u00e7\u00e3o do dep\u00f3sito; para encomendas m\u00e9dias, o prazo de entrega \u00e9 de 15 dias ap\u00f3s a rece\u00e7\u00e3o do sinal; para encomendas de contentores de 20 p\u00e9s (20GP) ou 40 p\u00e9s (40HQ), o prazo de entrega \u00e9 de cerca de 30 a 45 dias ap\u00f3s o pagamento do dep\u00f3sito.[\/vc_column_text][vc_column_text]<\/p>\n<h4 style=\"color: #0884cf;\">Q9. Qual \u00e9 a sua garantia? <\/h4>\n<p>R: Os nossos produtos de prote\u00e7\u00e3o solar e cobertura para a chuva t\u00eam uma garantia de 2, 5 e 10 anos, dependendo do produto.[\/vc_column_text][vc_column_text]<\/p>\n<h4 style=\"color: #0884cf;\">Q10. Se precisar de suporte t\u00e9cnico, podem ajudar-me? <\/h4>\n<p>R: Claro, temos uma equipa t\u00e9cnica profissional para lhe dar apoio caso necessite da nossa ajuda.[\/vc_column_text][vc_column_text]<\/p>\n<h4 style=\"color: #0884cf;\">Q11. Como podemos tornar-nos seus agentes de produtos para toldos no nosso pa\u00eds? <\/h4>\n<p>R: Por favor, envie-nos uma apresenta\u00e7\u00e3o detalhada da sua empresa, incluindo a sua estrat\u00e9gia de marketing e planos de vendas, para que possamos avali\u00e1-la. Caso a sua empresa seja aprovada, conceder-lhe-emos o direito de ser o agente dos nossos produtos de toldos.[\/vc_column_text][\/vc_column][vc_column][\/vc_column][\/vc_row][vc_row][vc_column][\/vc_column][\/vc_row]<\/p>\n","protected":false},"excerpt":{"rendered":"<p>[vc_row][vc_column][vc_column_text]Perguntas frequentes sobre toldos para est\u00e1bulos: A maioria das perguntas mais frequentes sobre os nossos toldos em policarbonato e empresas de toldos para est\u00e1bulos podem ser respondidas aqui.[\/vc_column_text][vc_empty_space][vc_column_text] Q1. S\u00e3o uma f\u00e1brica ou uma empresa comercial? R: Somos uma f\u00e1brica especializada na produ\u00e7\u00e3o de produtos da s\u00e9rie de toldos e coberturas para a chuva h\u00e1&hellip;<\/p>\n","protected":false},"author":2,"featured_media":0,"parent":0,"menu_order":0,"comment_status":"closed","ping_status":"closed","template":"","meta":[],"class_list":["post-6975","page","type-page","status-publish","hentry","description-off"],"yoast_head":"<!-- This site is optimized with the Yoast SEO plugin v26.6 - https:\/\/yoast.com\/wordpress\/plugins\/seo\/ -->\n<title>Perguntas frequentes sobre Toldo para est\u00e1bulo<\/title>\n<meta name=\"description\" content=\"Perguntas frequentes sobre toldos para est\u00e1bulos: A maioria das perguntas frequentes sobre os nossos toldos em policarbonato e empresas de toldos para est\u00e1bulos podem ser respondidas aqui.\" \/>\n<meta name=\"robots\" content=\"index, follow, max-snippet:-1, max-image-preview:large, max-video-preview:-1\" \/>\n<link rel=\"canonical\" href=\"https:\/\/www.stableawning.com\/pt-pt\/perguntas-frequentes\/\" \/>\n<meta property=\"og:locale\" content=\"pt_PT\" \/>\n<meta property=\"og:type\" content=\"article\" \/>\n<meta property=\"og:title\" content=\"Perguntas frequentes sobre Toldo para est\u00e1bulo\" \/>\n<meta property=\"og:description\" content=\"Perguntas frequentes sobre toldos para est\u00e1bulos: A maioria das perguntas frequentes sobre os nossos toldos em policarbonato e empresas de toldos para est\u00e1bulos podem ser respondidas aqui.\" \/>\n<meta property=\"og:url\" content=\"https:\/\/www.stableawning.com\/pt-pt\/perguntas-frequentes\/\" \/>\n<meta property=\"og:site_name\" content=\"Chongqing Estavel Toldo Manufatura Co., Ltd.\" \/>\n<meta property=\"article:publisher\" content=\"https:\/\/www.facebook.com\/profile.php?id=100090283616109\" \/>\n<meta property=\"article:modified_time\" content=\"2026-01-04T07:56:48+00:00\" \/>\n<meta name=\"twitter:card\" content=\"summary_large_image\" \/>\n<meta name=\"twitter:label1\" content=\"Tempo estimado de leitura\" \/>\n\t<meta name=\"twitter:data1\" content=\"3 minutos\" \/>\n<script type=\"application\/ld+json\" class=\"yoast-schema-graph\">{\"@context\":\"https:\/\/schema.org\",\"@graph\":[{\"@type\":\"WebPage\",\"@id\":\"https:\/\/www.stableawning.com\/pt-pt\/perguntas-frequentes\/\",\"url\":\"https:\/\/www.stableawning.com\/pt-pt\/perguntas-frequentes\/\",\"name\":\"Perguntas frequentes sobre Toldo para est\u00e1bulo\",\"isPartOf\":{\"@id\":\"https:\/\/www.stableawning.com\/#website\"},\"datePublished\":\"2022-05-14T12:23:43+00:00\",\"dateModified\":\"2026-01-04T07:56:48+00:00\",\"description\":\"Perguntas frequentes sobre toldos para est\u00e1bulos: A maioria das perguntas frequentes sobre os nossos toldos em policarbonato e empresas de toldos para est\u00e1bulos podem ser respondidas aqui.\",\"breadcrumb\":{\"@id\":\"https:\/\/www.stableawning.com\/pt-pt\/perguntas-frequentes\/#breadcrumb\"},\"inLanguage\":\"pt-PT\",\"potentialAction\":[{\"@type\":\"ReadAction\",\"target\":[\"https:\/\/www.stableawning.com\/pt-pt\/perguntas-frequentes\/\"]}]},{\"@type\":\"BreadcrumbList\",\"@id\":\"https:\/\/www.stableawning.com\/pt-pt\/perguntas-frequentes\/#breadcrumb\",\"itemListElement\":[{\"@type\":\"ListItem\",\"position\":1,\"name\":\"Home\",\"item\":\"https:\/\/www.stableawning.com\/pt-pt\/\"},{\"@type\":\"ListItem\",\"position\":2,\"name\":\"Perguntas frequentes\"}]},{\"@type\":\"WebSite\",\"@id\":\"https:\/\/www.stableawning.com\/#website\",\"url\":\"https:\/\/www.stableawning.com\/\",\"name\":\"Chongqing Stable Awning Manufacturing Co., Ltd.\",\"description\":\"\",\"publisher\":{\"@id\":\"https:\/\/www.stableawning.com\/#organization\"},\"potentialAction\":[{\"@type\":\"SearchAction\",\"target\":{\"@type\":\"EntryPoint\",\"urlTemplate\":\"https:\/\/www.stableawning.com\/?s={search_term_string}\"},\"query-input\":{\"@type\":\"PropertyValueSpecification\",\"valueRequired\":true,\"valueName\":\"search_term_string\"}}],\"inLanguage\":\"pt-PT\"},{\"@type\":\"Organization\",\"@id\":\"https:\/\/www.stableawning.com\/#organization\",\"name\":\"Chongqing Estavel Toldo Manufatura Co., Ltd.\",\"url\":\"https:\/\/www.stableawning.com\/\",\"logo\":{\"@type\":\"ImageObject\",\"inLanguage\":\"pt-PT\",\"@id\":\"https:\/\/www.stableawning.com\/#\/schema\/logo\/image\/\",\"url\":\"https:\/\/www.stableawning.com\/wp-content\/uploads\/2023\/03\/stable-awning-logo7.png\",\"contentUrl\":\"https:\/\/www.stableawning.com\/wp-content\/uploads\/2023\/03\/stable-awning-logo7.png\",\"width\":173,\"height\":82,\"caption\":\"Chongqing Estavel Toldo Manufatura Co., Ltd.\"},\"image\":{\"@id\":\"https:\/\/www.stableawning.com\/#\/schema\/logo\/image\/\"},\"sameAs\":[\"https:\/\/www.facebook.com\/profile.php?id=100090283616109\"]}]}<\/script>\n<!-- \/ Yoast SEO plugin. -->","yoast_head_json":{"title":"Perguntas frequentes sobre Toldo para est\u00e1bulo","description":"Perguntas frequentes sobre toldos para est\u00e1bulos: A maioria das perguntas frequentes sobre os nossos toldos em policarbonato e empresas de toldos para est\u00e1bulos podem ser respondidas aqui.","robots":{"index":"index","follow":"follow","max-snippet":"max-snippet:-1","max-image-preview":"max-image-preview:large","max-video-preview":"max-video-preview:-1"},"canonical":"https:\/\/www.stableawning.com\/pt-pt\/perguntas-frequentes\/","og_locale":"pt_PT","og_type":"article","og_title":"Perguntas frequentes sobre Toldo para est\u00e1bulo","og_description":"Perguntas frequentes sobre toldos para est\u00e1bulos: A maioria das perguntas frequentes sobre os nossos toldos em policarbonato e empresas de toldos para est\u00e1bulos podem ser respondidas aqui.","og_url":"https:\/\/www.stableawning.com\/pt-pt\/perguntas-frequentes\/","og_site_name":"Chongqing Estavel Toldo Manufatura Co., Ltd.","article_publisher":"https:\/\/www.facebook.com\/profile.php?id=100090283616109","article_modified_time":"2026-01-04T07:56:48+00:00","twitter_card":"summary_large_image","twitter_misc":{"Tempo estimado de leitura":"3 minutos"},"schema":{"@context":"https:\/\/schema.org","@graph":[{"@type":"WebPage","@id":"https:\/\/www.stableawning.com\/pt-pt\/perguntas-frequentes\/","url":"https:\/\/www.stableawning.com\/pt-pt\/perguntas-frequentes\/","name":"Perguntas frequentes sobre Toldo para est\u00e1bulo","isPartOf":{"@id":"https:\/\/www.stableawning.com\/#website"},"datePublished":"2022-05-14T12:23:43+00:00","dateModified":"2026-01-04T07:56:48+00:00","description":"Perguntas frequentes sobre toldos para est\u00e1bulos: A maioria das perguntas frequentes sobre os nossos toldos em policarbonato e empresas de toldos para est\u00e1bulos podem ser respondidas aqui.","breadcrumb":{"@id":"https:\/\/www.stableawning.com\/pt-pt\/perguntas-frequentes\/#breadcrumb"},"inLanguage":"pt-PT","potentialAction":[{"@type":"ReadAction","target":["https:\/\/www.stableawning.com\/pt-pt\/perguntas-frequentes\/"]}]},{"@type":"BreadcrumbList","@id":"https:\/\/www.stableawning.com\/pt-pt\/perguntas-frequentes\/#breadcrumb","itemListElement":[{"@type":"ListItem","position":1,"name":"Home","item":"https:\/\/www.stableawning.com\/pt-pt\/"},{"@type":"ListItem","position":2,"name":"Perguntas frequentes"}]},{"@type":"WebSite","@id":"https:\/\/www.stableawning.com\/#website","url":"https:\/\/www.stableawning.com\/","name":"Chongqing Stable Awning Manufacturing Co., Ltd.","description":"","publisher":{"@id":"https:\/\/www.stableawning.com\/#organization"},"potentialAction":[{"@type":"SearchAction","target":{"@type":"EntryPoint","urlTemplate":"https:\/\/www.stableawning.com\/?s={search_term_string}"},"query-input":{"@type":"PropertyValueSpecification","valueRequired":true,"valueName":"search_term_string"}}],"inLanguage":"pt-PT"},{"@type":"Organization","@id":"https:\/\/www.stableawning.com\/#organization","name":"Chongqing Estavel Toldo Manufatura Co., Ltd.","url":"https:\/\/www.stableawning.com\/","logo":{"@type":"ImageObject","inLanguage":"pt-PT","@id":"https:\/\/www.stableawning.com\/#\/schema\/logo\/image\/","url":"https:\/\/www.stableawning.com\/wp-content\/uploads\/2023\/03\/stable-awning-logo7.png","contentUrl":"https:\/\/www.stableawning.com\/wp-content\/uploads\/2023\/03\/stable-awning-logo7.png","width":173,"height":82,"caption":"Chongqing Estavel Toldo Manufatura Co., Ltd."},"image":{"@id":"https:\/\/www.stableawning.com\/#\/schema\/logo\/image\/"},"sameAs":["https:\/\/www.facebook.com\/profile.php?id=100090283616109"]}]}},"_links":{"self":[{"href":"https:\/\/www.stableawning.com\/pt-pt\/wp-json\/wp\/v2\/pages\/6975","targetHints":{"allow":["GET"]}}],"collection":[{"href":"https:\/\/www.stableawning.com\/pt-pt\/wp-json\/wp\/v2\/pages"}],"about":[{"href":"https:\/\/www.stableawning.com\/pt-pt\/wp-json\/wp\/v2\/types\/page"}],"author":[{"embeddable":true,"href":"https:\/\/www.stableawning.com\/pt-pt\/wp-json\/wp\/v2\/users\/2"}],"replies":[{"embeddable":true,"href":"https:\/\/www.stableawning.com\/pt-pt\/wp-json\/wp\/v2\/comments?post=6975"}],"version-history":[{"count":5,"href":"https:\/\/www.stableawning.com\/pt-pt\/wp-json\/wp\/v2\/pages\/6975\/revisions"}],"predecessor-version":[{"id":7165,"href":"https:\/\/www.stableawning.com\/pt-pt\/wp-json\/wp\/v2\/pages\/6975\/revisions\/7165"}],"wp:attachment":[{"href":"https:\/\/www.stableawning.com\/pt-pt\/wp-json\/wp\/v2\/media?parent=6975"}],"curies":[{"name":"wp","href":"https:\/\/api.w.org\/{rel}","templated":true}]}}