{"id":7593,"date":"2022-05-13T23:31:51","date_gmt":"2022-05-13T15:31:51","guid":{"rendered":"https:\/\/www.stableawning.com\/casa\/"},"modified":"2026-04-21T17:05:39","modified_gmt":"2026-04-21T09:05:39","slug":"casa","status":"publish","type":"page","link":"https:\/\/www.stableawning.com\/pt-pt\/","title":{"rendered":"Casa"},"content":{"rendered":"<p>[vc_row][vc_column]<div class=\"dt-fancy-separator title-left h4-size style-dashed\" style=\"width: 100%;\"><div class=\"dt-fancy-title\" style=\"color: #0884cf;\"><span class=\"separator-holder separator-left\" style=\"border-color: #0884cf;\"><\/span>Sobre o toldo est\u00e1vel:<span class=\"separator-holder separator-right\" style=\"border-color: #0884cf;\"><\/span><\/div><\/div>[vc_empty_space][vc_column_text]<img loading=\"lazy\" decoding=\"async\" class=\"alignnone size-full wp-image-3660\" src=\"https:\/\/www.stableawning.com\/wp-content\/uploads\/2024\/06\/Stable-Awning-Factory.jpg\" alt=\"F\u00e1brica de toldos est\u00e1bulos\" width=\"1200\" height=\"628\" srcset=\"https:\/\/www.stableawning.com\/wp-content\/uploads\/2024\/06\/Stable-Awning-Factory.jpg 1200w, https:\/\/www.stableawning.com\/wp-content\/uploads\/2024\/06\/Stable-Awning-Factory-1080x565.jpg 1080w, https:\/\/www.stableawning.com\/wp-content\/uploads\/2024\/06\/Stable-Awning-Factory-768x402.jpg 768w\" sizes=\"auto, (max-width: 1200px) 100vw, 1200px\" \/>[\/vc_column_text][vc_column_text]<br \/>\nA Chongqing Stable Awning Manufacturing Co., Ltd.<br \/>\n\u00e9 um fabricante profissional de produtos de prote\u00e7\u00e3o contra a chuva e o sol, integrando I&amp;D, produ\u00e7\u00e3o, vendas e servi\u00e7os. A nossa f\u00e1brica conta com mais de 10 anos de experi\u00eancia no fabrico de toldos e desenvolveu uma boa rela\u00e7\u00e3o de coopera\u00e7\u00e3o com centenas de empresas no estrangeiro. Somos especializados no fabrico de toldos exteriores e fornecemos produtos de prote\u00e7\u00e3o solar de alta qualidade e solu\u00e7\u00f5es de instala\u00e7\u00e3o para diversas empresas comerciais e resid\u00eancias.<br \/>\nA Chongqing Stable Awning Manufacturing Co., Ltd. \u00e9 um fabricante profissional de produtos de prote\u00e7\u00e3o contra a chuva e o sol, integrando I&amp;D, produ\u00e7\u00e3o, vendas e servi\u00e7os. A nossa f\u00e1brica tem mais de 10 anos de experi\u00eancia no fabrico de toldos e desenvolveu uma boa rela\u00e7\u00e3o de coopera\u00e7\u00e3o com centenas de empresas no estrangeiro. Somos especializados no fabrico de toldos exteriores e fornecemos produtos de sombreamento e solu\u00e7\u00f5es de instala\u00e7\u00e3o de alta qualidade para muitas empresas comerciais e resid\u00eancias.<br \/>\nA nossa empresa possui a marca pr\u00f3pria \u201cStable Awning\u201d. Os principais produtos s\u00e3o: toldos para portas e janelas, toldos para terra\u00e7os, coberturas para autom\u00f3veis, garagens para corta-relva robotizados, realizamos diversos projetos de engenharia personalizados, distribui\u00e7\u00e3o, dropshipping de pe\u00e7as \u00fanicas e neg\u00f3cios de exporta\u00e7\u00e3o pr\u00f3prios de toldos. Os nossos produtos Stable Awning s\u00e3o vendidos para mais de 100 pa\u00edses e regi\u00f5es em todo o mundo.<br \/>\nOs nossos produtos de sombreamento, com caracter\u00edsticas como um aspeto bonito, alta qualidade e f\u00e1cil instala\u00e7\u00e3o, s\u00e3o a melhor escolha para os utilizadores que procuram uma vida de qualidade. Convidamos sinceramente os clientes nacionais e internacionais a trabalhar com a Stable Awning para criar um espa\u00e7o exterior acolhedor e seguro, colaborando para receber h\u00f3spedes de todo o mundo e proteg\u00ea-los do vento e da chuva.[\/vc_column_text]<style type=\"text\/css\">#dt-btn-1 {color: #ffffff;background: #0884cf;}#dt-btn-1 > .text-wrap * {color: #ffffff;}#dt-btn-1:hover {color: #ffffff;background: #dd9933;}#dt-btn-1:hover > .text-wrap * {color: #ffffff;}<\/style><a href=\"\/about\" class=\"btn-shortcode dt-btn-m dt-btn custom-btn-color custom-btn-hover-color\" target=\"_blank\" id=\"dt-btn-1\" rel=\"noopener\"><span>Saber mais<\/span><\/a>[\/vc_column][\/vc_row][vc_row][vc_column]<div class=\"dt-fancy-separator title-left h4-size style-dashed\" style=\"width: 100%;\"><div class=\"dt-fancy-title\" style=\"color: #0884cf;\"><span class=\"separator-holder separator-left\" style=\"border-color: #0884cf;\"><\/span>Vantagens do toldo est\u00e1vel:<span class=\"separator-holder separator-right\" style=\"border-color: #0884cf;\"><\/span><\/div><\/div>[vc_empty_space][vc_row_inner][vc_column_inner width=&#8221;1\/4&#8243;][vc_column_text]<img loading=\"lazy\" decoding=\"async\" class=\"size-full wp-image-1232 aligncenter\" src=\"\/wp-content\/uploads\/2022\/06\/Factory-Direct-Supply1.png\" alt=\"Fornecimento direto da f\u00e1brica\" width=\"100\" height=\"100\" \/>[\/vc_column_text][vc_column_text]<\/p>\n<p style=\"text-align: center;\">Fornecimento direto da f\u00e1brica<br \/>\nPodemos controlar bem a qualidade e a entrega.<\/p>\n<p>[\/vc_column_text][\/vc_column_inner][vc_column_inner width=&#8221;1\/4&#8243;][vc_column_text]<img loading=\"lazy\" decoding=\"async\" class=\"size-full wp-image-1231 aligncenter\" src=\"\/wp-content\/uploads\/2022\/06\/High-Quality-Fresh-Material.png\" alt=\"Material fresco e de alta qualidade\" width=\"100\" height=\"100\" \/>[\/vc_column_text][vc_column_text]<\/p>\n<p style=\"text-align: center;\">Mat\u00e9ria-prima de elevada qualidade e tecnologia de ponta<br \/>\nGarantimos mat\u00e9ria-prima 100% nova e produtos 100% de elevada qualidade<\/p>\n<p>[\/vc_column_text][\/vc_column_inner][vc_column_inner width=&#8221;1\/4&#8243;][vc_column_text]<img loading=\"lazy\" decoding=\"async\" class=\"size-full wp-image-1230 aligncenter\" src=\"\/wp-content\/uploads\/2022\/06\/Beautiful-Apperance-Design-Easy-to-Install.png\" alt=\"Apar\u00eancia e design elegantes. F\u00e1cil de instalar.\" width=\"100\" height=\"100\" \/>[\/vc_column_text][vc_column_text]<\/p>\n<p style=\"text-align: center;\"><strong>Apar\u00eancia e design bel\u00edssimos, f\u00e1cil de instalar.<\/strong><\/p>\n<p>[\/vc_column_text][\/vc_column_inner][vc_column_inner width=&#8221;1\/4&#8243;][vc_column_text]<img loading=\"lazy\" decoding=\"async\" class=\"size-full wp-image-1229 aligncenter\" src=\"\/wp-content\/uploads\/2022\/06\/With-R-D-Capabilities.png\" alt=\"Com capacidade de I&amp;D\" width=\"100\" height=\"100\" \/>[\/vc_column_text][vc_column_text]<\/p>\n<p style=\"text-align: center;\">Com capacidade de I&amp;D<br \/>\nNovos produtos s\u00e3o lan\u00e7ados todos os anos, e tamb\u00e9m aceitamos projetos personalizados de acordo com as necessidades dos clientes.<\/p>\n<p>[\/vc_column_text][\/vc_column_inner][\/vc_row_inner][\/vc_column][\/vc_row][vc_row][vc_column]<div class=\"dt-fancy-separator title-left h4-size style-dashed\" style=\"width: 100%;\"><div class=\"dt-fancy-title\" style=\"color: #0884cf;\"><span class=\"separator-holder separator-left\" style=\"border-color: #0884cf;\"><\/span>Produtos da Stable Awning:<span class=\"separator-holder separator-right\" style=\"border-color: #0884cf;\"><\/span><\/div><\/div>[vc_empty_space][vc_row_inner][vc_column_inner width=&#8221;1\/5&#8243;][vc_column_text]<\/p>\n<p style=\"text-align: center;\"><a href=\"https:\/\/www.stableawning.com\/pt-pt\/toldo-para-janela-e-porta\/\"><img loading=\"lazy\" decoding=\"async\" class=\"alignnone size-full wp-image-3664\" src=\"https:\/\/www.stableawning.com\/wp-content\/uploads\/2024\/06\/Stable-Awning-Polycarbonate-Window-Door-Awning-1.jpg\" alt=\"Toldo est\u00e1vel, toldo em policarbonato para janela e porta\" width=\"700\" height=\"600\" \/><\/a>Toldo para Janela e Porta<\/p>\n<p>[\/vc_column_text][\/vc_column_inner][vc_column_inner width=&#8221;1\/5&#8243;][vc_column_text]<\/p>\n<p style=\"text-align: center;\"><a href=\"https:\/\/www.stableawning.com\/pt-pt\/toldo-para-varanda-e-patio\/\"><img loading=\"lazy\" decoding=\"async\" class=\"alignnone size-full wp-image-3662\" src=\"https:\/\/www.stableawning.com\/wp-content\/uploads\/2024\/06\/stable-awning-patio-awning.jpg\" alt=\"toldo est\u00e1vel toldo de p\u00e1tio\" width=\"700\" height=\"600\" \/><\/a>Balcony &amp; Patio Awning<\/p>\n<p>[\/vc_column_text][\/vc_column_inner][vc_column_inner width=&#8221;1\/5&#8243;][vc_column_text]<\/p>\n<p style=\"text-align: center;\"><a href=\"https:\/\/www.stableawning.com\/pt-pt\/garagem-coberta\/\"><img loading=\"lazy\" decoding=\"async\" class=\"alignnone size-full wp-image-3659\" src=\"https:\/\/www.stableawning.com\/wp-content\/uploads\/2024\/06\/stable-awning-double-cars-carport-awning.jpg\" alt=\"toldo est\u00e1vel, cobertura dupla para garagem\" width=\"700\" height=\"600\" \/><\/a>Carport<\/p>\n<p>[\/vc_column_text][\/vc_column_inner][vc_column_inner width=&#8221;1\/5&#8243;][vc_column_text]<\/p>\n<p style=\"text-align: center;\"><a href=\"https:\/\/www.stableawning.com\/pt-pt\/garagem-para-corta-relva-robo\/\"><img loading=\"lazy\" decoding=\"async\" class=\"alignnone size-full wp-image-3661\" src=\"https:\/\/www.stableawning.com\/wp-content\/uploads\/2024\/06\/stable-awning-iron-lawn-mower-awning-with-hollow-sheet.jpg\" alt=\"toldo est\u00e1vel, toldo de ferro para corta-relva com chapa oca\" width=\"700\" height=\"600\" \/><\/a>Garagem para Corta-relva Rob\u00f4<\/p>\n<p>[\/vc_column_text][\/vc_column_inner][vc_column_inner width=&#8221;1\/5&#8243;][vc_column_text]<\/p>\n<p style=\"text-align: center;\"><a href=\"https:\/\/www.stableawning.com\/pt-pt\/toldo-retratil\/\"><img loading=\"lazy\" decoding=\"async\" class=\"alignnone size-full wp-image-3657\" src=\"https:\/\/www.stableawning.com\/wp-content\/uploads\/2024\/06\/stable-awning-car-side-retractable-awning.jpg\" alt=\"toldo est\u00e1vel, toldo retr\u00e1til lateral para autom\u00f3vel\" width=\"700\" height=\"600\" \/><\/a>Toldo retr\u00e1til<\/p>\n<p>[\/vc_column_text][\/vc_column_inner][\/vc_row_inner][\/vc_column][\/vc_row][vc_row][vc_column]<div class=\"dt-fancy-separator title-left h4-size style-dashed\" style=\"width: 100%;\"><div class=\"dt-fancy-title\" style=\"color: #0884cf;\"><span class=\"separator-holder separator-left\" style=\"border-color: #0884cf;\"><\/span>Servi\u00e7o da Stable Awning:<span class=\"separator-holder separator-right\" style=\"border-color: #0884cf;\"><\/span><\/div><\/div>[vc_empty_space][vc_row_inner][vc_column_inner width=&#8221;1\/5&#8243;][vc_column_text]<\/p>\n<p style=\"text-align: center;\"><img loading=\"lazy\" decoding=\"async\" class=\"size-full wp-image-1247 aligncenter\" src=\"\/wp-content\/uploads\/2022\/06\/OEM-ODM-Service.png\" alt=\"Servi\u00e7os OEM e ODM\" width=\"100\" height=\"100\" \/>Aceitamos servi\u00e7os OEM e ODM.<\/p>\n<p>[\/vc_column_text][\/vc_column_inner][vc_column_inner width=&#8221;1\/5&#8243;][vc_column_text]<\/p>\n<p style=\"text-align: center;\"><img loading=\"lazy\" decoding=\"async\" class=\"size-full wp-image-448 aligncenter\" src=\"\/wp-content\/uploads\/2022\/05\/Fast-delivery.png\" alt=\"entrega r\u00e1pida\" width=\"100\" height=\"100\" \/>Entrega r\u00e1pida por expresso, via a\u00e9rea ou mar\u00edtima.<\/p>\n<p>[\/vc_column_text][\/vc_column_inner][vc_column_inner width=&#8221;1\/5&#8243;][vc_column_text]<\/p>\n<p style=\"text-align: center;\"><img loading=\"lazy\" decoding=\"async\" class=\"size-full wp-image-449 aligncenter\" src=\"\/wp-content\/uploads\/2022\/05\/Long-lifetime-warranty.png\" alt=\"Garantia de longa dura\u00e7\u00e3o\" width=\"100\" height=\"100\" \/>Oferecemos instru\u00e7\u00f5es de instala\u00e7\u00e3o detalhadas e suporte t\u00e9cnico.<\/p>\n<p>[\/vc_column_text][\/vc_column_inner][vc_column_inner width=&#8221;1\/5&#8243;][vc_column_text]<\/p>\n<p style=\"text-align: center;\"><img loading=\"lazy\" decoding=\"async\" class=\"size-full wp-image-446 aligncenter\" src=\"\/wp-content\/uploads\/2022\/05\/Easy-to-install.png\" alt=\"F\u00e1cil de instalar\" width=\"100\" height=\"100\" \/>5 anos de garantia<\/p>\n<p>[\/vc_column_text][\/vc_column_inner][vc_column_inner width=&#8221;1\/5&#8243;][vc_column_text]<\/p>\n<p style=\"text-align: center;\"><img loading=\"lazy\" decoding=\"async\" class=\"size-full wp-image-450 aligncenter\" src=\"\/wp-content\/uploads\/2022\/05\/Reliable-after-sales-service.png\" alt=\"Servi\u00e7o p\u00f3s-venda fi\u00e1vel\" width=\"100\" height=\"100\" \/>Oferecemos instru\u00e7\u00f5es de instala\u00e7\u00e3o detalhadas e suporte t\u00e9cnico de longa dura\u00e7\u00e3o.<\/p>\n<p>[\/vc_column_text][\/vc_column_inner][\/vc_row_inner][\/vc_column][\/vc_row]<\/p>\n","protected":false},"excerpt":{"rendered":"<p>[vc_row][vc_column][vc_empty_space][vc_column_text][\/vc_column_text][vc_column_text] A Chongqing Stable Awning Manufacturing Co., Ltd. \u00e9 um fabricante profissional de produtos de prote\u00e7\u00e3o contra a chuva e o sol, integrando I&amp;D, produ\u00e7\u00e3o, vendas e servi\u00e7os. A nossa f\u00e1brica conta com mais de 10 anos de experi\u00eancia no fabrico de toldos e desenvolveu uma boa rela\u00e7\u00e3o de coopera\u00e7\u00e3o com centenas de empresas no&hellip;<\/p>\n","protected":false},"author":2,"featured_media":0,"parent":0,"menu_order":0,"comment_status":"closed","ping_status":"closed","template":"","meta":[],"class_list":["post-7593","page","type-page","status-publish","hentry","description-off"],"yoast_head":"<!-- This site is optimized with the Yoast SEO plugin v26.6 - https:\/\/yoast.com\/wordpress\/plugins\/seo\/ -->\n<title>Toldo Est\u00e1vel - F\u00e1brica e Fornecedor Especializado em Toldos<\/title>\n<meta name=\"description\" content=\"Stable Awning: A sua f\u00e1brica e fornecedora de toldos de confian\u00e7a. Fabricamos toldos dur\u00e1veis \u200b\u200bpara prote\u00e7\u00e3o contra o sol e a chuva.\" \/>\n<meta name=\"robots\" content=\"index, follow, max-snippet:-1, max-image-preview:large, max-video-preview:-1\" \/>\n<link rel=\"canonical\" href=\"https:\/\/www.stableawning.com\/pt-pt\/\" \/>\n<meta property=\"og:locale\" content=\"pt_PT\" \/>\n<meta property=\"og:type\" content=\"article\" \/>\n<meta property=\"og:title\" content=\"Toldo Est\u00e1vel - F\u00e1brica e Fornecedor Especializado em Toldos\" \/>\n<meta property=\"og:description\" content=\"Stable Awning: A sua f\u00e1brica e fornecedora de toldos de confian\u00e7a. Fabricamos toldos dur\u00e1veis \u200b\u200bpara prote\u00e7\u00e3o contra o sol e a chuva.\" \/>\n<meta property=\"og:url\" content=\"https:\/\/www.stableawning.com\/pt-pt\/\" \/>\n<meta property=\"og:site_name\" content=\"Chongqing Estavel Toldo Manufatura Co., Ltd.\" \/>\n<meta property=\"article:publisher\" content=\"https:\/\/www.facebook.com\/profile.php?id=100090283616109\" \/>\n<meta property=\"article:modified_time\" content=\"2026-04-21T09:05:39+00:00\" \/>\n<meta property=\"og:image\" content=\"https:\/\/www.stableawning.com\/wp-content\/uploads\/2024\/06\/Stable-Awning-Factory.jpg\" \/>\n\t<meta property=\"og:image:width\" content=\"1200\" \/>\n\t<meta property=\"og:image:height\" content=\"628\" \/>\n\t<meta property=\"og:image:type\" content=\"image\/jpeg\" \/>\n<meta name=\"twitter:card\" content=\"summary_large_image\" \/>\n<meta name=\"twitter:label1\" content=\"Tempo estimado de leitura\" \/>\n\t<meta name=\"twitter:data1\" content=\"6 minutos\" \/>\n<script type=\"application\/ld+json\" class=\"yoast-schema-graph\">{\"@context\":\"https:\/\/schema.org\",\"@graph\":[{\"@type\":\"WebPage\",\"@id\":\"https:\/\/www.stableawning.com\/pt-pt\/\",\"url\":\"https:\/\/www.stableawning.com\/pt-pt\/\",\"name\":\"Toldo Est\u00e1vel - F\u00e1brica e Fornecedor Especializado em Toldos\",\"isPartOf\":{\"@id\":\"https:\/\/www.stableawning.com\/#website\"},\"primaryImageOfPage\":{\"@id\":\"https:\/\/www.stableawning.com\/pt-pt\/#primaryimage\"},\"image\":{\"@id\":\"https:\/\/www.stableawning.com\/pt-pt\/#primaryimage\"},\"thumbnailUrl\":\"https:\/\/www.stableawning.com\/wp-content\/uploads\/2024\/06\/Stable-Awning-Factory.jpg\",\"datePublished\":\"2022-05-13T15:31:51+00:00\",\"dateModified\":\"2026-04-21T09:05:39+00:00\",\"description\":\"Stable Awning: A sua f\u00e1brica e fornecedora de toldos de confian\u00e7a. Fabricamos toldos dur\u00e1veis \u200b\u200bpara prote\u00e7\u00e3o contra o sol e a chuva.\",\"breadcrumb\":{\"@id\":\"https:\/\/www.stableawning.com\/pt-pt\/#breadcrumb\"},\"inLanguage\":\"pt-PT\",\"potentialAction\":[{\"@type\":\"ReadAction\",\"target\":[\"https:\/\/www.stableawning.com\/pt-pt\/\"]}]},{\"@type\":\"ImageObject\",\"inLanguage\":\"pt-PT\",\"@id\":\"https:\/\/www.stableawning.com\/pt-pt\/#primaryimage\",\"url\":\"https:\/\/www.stableawning.com\/wp-content\/uploads\/2024\/06\/Stable-Awning-Factory.jpg\",\"contentUrl\":\"https:\/\/www.stableawning.com\/wp-content\/uploads\/2024\/06\/Stable-Awning-Factory.jpg\"},{\"@type\":\"BreadcrumbList\",\"@id\":\"https:\/\/www.stableawning.com\/pt-pt\/#breadcrumb\",\"itemListElement\":[{\"@type\":\"ListItem\",\"position\":1,\"name\":\"Home\",\"item\":\"https:\/\/www.stableawning.com\/pt-pt\/\"},{\"@type\":\"ListItem\",\"position\":2,\"name\":\"Casa\"}]},{\"@type\":\"WebSite\",\"@id\":\"https:\/\/www.stableawning.com\/#website\",\"url\":\"https:\/\/www.stableawning.com\/\",\"name\":\"Chongqing Stable Awning Manufacturing Co., Ltd.\",\"description\":\"\",\"publisher\":{\"@id\":\"https:\/\/www.stableawning.com\/#organization\"},\"potentialAction\":[{\"@type\":\"SearchAction\",\"target\":{\"@type\":\"EntryPoint\",\"urlTemplate\":\"https:\/\/www.stableawning.com\/?s={search_term_string}\"},\"query-input\":{\"@type\":\"PropertyValueSpecification\",\"valueRequired\":true,\"valueName\":\"search_term_string\"}}],\"inLanguage\":\"pt-PT\"},{\"@type\":\"Organization\",\"@id\":\"https:\/\/www.stableawning.com\/#organization\",\"name\":\"Chongqing Estavel Toldo Manufatura Co., Ltd.\",\"url\":\"https:\/\/www.stableawning.com\/\",\"logo\":{\"@type\":\"ImageObject\",\"inLanguage\":\"pt-PT\",\"@id\":\"https:\/\/www.stableawning.com\/#\/schema\/logo\/image\/\",\"url\":\"https:\/\/www.stableawning.com\/wp-content\/uploads\/2023\/03\/stable-awning-logo7.png\",\"contentUrl\":\"https:\/\/www.stableawning.com\/wp-content\/uploads\/2023\/03\/stable-awning-logo7.png\",\"width\":173,\"height\":82,\"caption\":\"Chongqing Estavel Toldo Manufatura Co., Ltd.\"},\"image\":{\"@id\":\"https:\/\/www.stableawning.com\/#\/schema\/logo\/image\/\"},\"sameAs\":[\"https:\/\/www.facebook.com\/profile.php?id=100090283616109\"]}]}<\/script>\n<!-- \/ Yoast SEO plugin. -->","yoast_head_json":{"title":"Toldo Est\u00e1vel - F\u00e1brica e Fornecedor Especializado em Toldos","description":"Stable Awning: A sua f\u00e1brica e fornecedora de toldos de confian\u00e7a. Fabricamos toldos dur\u00e1veis \u200b\u200bpara prote\u00e7\u00e3o contra o sol e a chuva.","robots":{"index":"index","follow":"follow","max-snippet":"max-snippet:-1","max-image-preview":"max-image-preview:large","max-video-preview":"max-video-preview:-1"},"canonical":"https:\/\/www.stableawning.com\/pt-pt\/","og_locale":"pt_PT","og_type":"article","og_title":"Toldo Est\u00e1vel - F\u00e1brica e Fornecedor Especializado em Toldos","og_description":"Stable Awning: A sua f\u00e1brica e fornecedora de toldos de confian\u00e7a. Fabricamos toldos dur\u00e1veis \u200b\u200bpara prote\u00e7\u00e3o contra o sol e a chuva.","og_url":"https:\/\/www.stableawning.com\/pt-pt\/","og_site_name":"Chongqing Estavel Toldo Manufatura Co., Ltd.","article_publisher":"https:\/\/www.facebook.com\/profile.php?id=100090283616109","article_modified_time":"2026-04-21T09:05:39+00:00","og_image":[{"width":1200,"height":628,"url":"https:\/\/www.stableawning.com\/wp-content\/uploads\/2024\/06\/Stable-Awning-Factory.jpg","type":"image\/jpeg"}],"twitter_card":"summary_large_image","twitter_misc":{"Tempo estimado de leitura":"6 minutos"},"schema":{"@context":"https:\/\/schema.org","@graph":[{"@type":"WebPage","@id":"https:\/\/www.stableawning.com\/pt-pt\/","url":"https:\/\/www.stableawning.com\/pt-pt\/","name":"Toldo Est\u00e1vel - F\u00e1brica e Fornecedor Especializado em Toldos","isPartOf":{"@id":"https:\/\/www.stableawning.com\/#website"},"primaryImageOfPage":{"@id":"https:\/\/www.stableawning.com\/pt-pt\/#primaryimage"},"image":{"@id":"https:\/\/www.stableawning.com\/pt-pt\/#primaryimage"},"thumbnailUrl":"https:\/\/www.stableawning.com\/wp-content\/uploads\/2024\/06\/Stable-Awning-Factory.jpg","datePublished":"2022-05-13T15:31:51+00:00","dateModified":"2026-04-21T09:05:39+00:00","description":"Stable Awning: A sua f\u00e1brica e fornecedora de toldos de confian\u00e7a. Fabricamos toldos dur\u00e1veis \u200b\u200bpara prote\u00e7\u00e3o contra o sol e a chuva.","breadcrumb":{"@id":"https:\/\/www.stableawning.com\/pt-pt\/#breadcrumb"},"inLanguage":"pt-PT","potentialAction":[{"@type":"ReadAction","target":["https:\/\/www.stableawning.com\/pt-pt\/"]}]},{"@type":"ImageObject","inLanguage":"pt-PT","@id":"https:\/\/www.stableawning.com\/pt-pt\/#primaryimage","url":"https:\/\/www.stableawning.com\/wp-content\/uploads\/2024\/06\/Stable-Awning-Factory.jpg","contentUrl":"https:\/\/www.stableawning.com\/wp-content\/uploads\/2024\/06\/Stable-Awning-Factory.jpg"},{"@type":"BreadcrumbList","@id":"https:\/\/www.stableawning.com\/pt-pt\/#breadcrumb","itemListElement":[{"@type":"ListItem","position":1,"name":"Home","item":"https:\/\/www.stableawning.com\/pt-pt\/"},{"@type":"ListItem","position":2,"name":"Casa"}]},{"@type":"WebSite","@id":"https:\/\/www.stableawning.com\/#website","url":"https:\/\/www.stableawning.com\/","name":"Chongqing Stable Awning Manufacturing Co., Ltd.","description":"","publisher":{"@id":"https:\/\/www.stableawning.com\/#organization"},"potentialAction":[{"@type":"SearchAction","target":{"@type":"EntryPoint","urlTemplate":"https:\/\/www.stableawning.com\/?s={search_term_string}"},"query-input":{"@type":"PropertyValueSpecification","valueRequired":true,"valueName":"search_term_string"}}],"inLanguage":"pt-PT"},{"@type":"Organization","@id":"https:\/\/www.stableawning.com\/#organization","name":"Chongqing Estavel Toldo Manufatura Co., Ltd.","url":"https:\/\/www.stableawning.com\/","logo":{"@type":"ImageObject","inLanguage":"pt-PT","@id":"https:\/\/www.stableawning.com\/#\/schema\/logo\/image\/","url":"https:\/\/www.stableawning.com\/wp-content\/uploads\/2023\/03\/stable-awning-logo7.png","contentUrl":"https:\/\/www.stableawning.com\/wp-content\/uploads\/2023\/03\/stable-awning-logo7.png","width":173,"height":82,"caption":"Chongqing Estavel Toldo Manufatura Co., Ltd."},"image":{"@id":"https:\/\/www.stableawning.com\/#\/schema\/logo\/image\/"},"sameAs":["https:\/\/www.facebook.com\/profile.php?id=100090283616109"]}]}},"_links":{"self":[{"href":"https:\/\/www.stableawning.com\/pt-pt\/wp-json\/wp\/v2\/pages\/7593","targetHints":{"allow":["GET"]}}],"collection":[{"href":"https:\/\/www.stableawning.com\/pt-pt\/wp-json\/wp\/v2\/pages"}],"about":[{"href":"https:\/\/www.stableawning.com\/pt-pt\/wp-json\/wp\/v2\/types\/page"}],"author":[{"embeddable":true,"href":"https:\/\/www.stableawning.com\/pt-pt\/wp-json\/wp\/v2\/users\/2"}],"replies":[{"embeddable":true,"href":"https:\/\/www.stableawning.com\/pt-pt\/wp-json\/wp\/v2\/comments?post=7593"}],"version-history":[{"count":7,"href":"https:\/\/www.stableawning.com\/pt-pt\/wp-json\/wp\/v2\/pages\/7593\/revisions"}],"predecessor-version":[{"id":13920,"href":"https:\/\/www.stableawning.com\/pt-pt\/wp-json\/wp\/v2\/pages\/7593\/revisions\/13920"}],"wp:attachment":[{"href":"https:\/\/www.stableawning.com\/pt-pt\/wp-json\/wp\/v2\/media?parent=7593"}],"curies":[{"name":"wp","href":"https:\/\/api.w.org\/{rel}","templated":true}]}}